{"id":1448,"date":"2020-11-07T13:27:47","date_gmt":"2020-11-07T11:27:47","guid":{"rendered":"https:\/\/innolex.fi\/?page_id=1448"},"modified":"2022-02-07T14:49:46","modified_gmt":"2022-02-07T12:49:46","slug":"harri-stachon","status":"publish","type":"page","link":"https:\/\/innolex.fi\/?page_id=1448","title":{"rendered":"Harri Stachon"},"content":{"rendered":"<p>[vc_row content_placement=&#8221;middle&#8221; css=&#8221;.vc_custom_1604748730087{margin-bottom: 0px !important;}&#8221;][vc_column width=&#8221;1\/2&#8243;][vc_single_image image=&#8221;1420&#8243; img_size=&#8221;large&#8221; alignment=&#8221;right&#8221;][\/vc_column][vc_column width=&#8221;1\/2&#8243; css=&#8221;.vc_custom_1495531634969{padding-top: 70px !important;padding-bottom: 70px !important;}&#8221; el_class=&#8221;singleattorney_info&#8221;][thememove_memberinfo name=&#8221;Harri Stachon&#8221; byline=&#8221;ASIANAJAJA&#8221; desc=&#8221;Harri Stachonilla on laaja kokemus riidanratkaisusta sek\u00e4 tuomioistuimissa ett\u00e4 sovinnollisissa menettelyiss\u00e4. Erityisosaamisiin kuuluvat muun muassa avustaminen urakka- ja remonttiriidoissa, erilaisissa ty\u00f6suhderiidoissa sek\u00e4 vahingonkorvausasioissa. Harri on lis\u00e4ksi edustanut rikosoikeudellisissa oikeudenk\u00e4ynneiss\u00e4 sek\u00e4 vastaajaa ett\u00e4 asianomistajaa. Toimialaan lukeutuu my\u00f6s asiakkaiden avustaminen yritystoimintaan liittyviss\u00e4 juridisissa kysymyksiss\u00e4, kuten yrityskaupoissa ja osakassopimusten laatimisessa. Ennen Innolexin perustamista Harri on toiminut urallaan muissa laki- ja asianajotoimistoissa, opetusministeri\u00f6ss\u00e4 tekij\u00e4noikeudellisten asioiden parissa sek\u00e4 asiantuntijaluennoitsijana yliopistoissa ja ammattikorkeakouluissa. Harri on my\u00f6s Suomen asianajajaliiton hyv\u00e4ksym\u00e4 sovittelija. Vapaa-aikansa Harri viett\u00e4\u00e4 triathlonin sek\u00e4 ulkoilun parissa.&#8221; facebook=&#8221;http:\/\/facebook.com&#8221; twitter=&#8221;http:\/\/twitter.com&#8221; instagram=&#8221;http:\/\/instagram.com&#8221; youtube=&#8221;http:\/\/youtube.com&#8221; vimeo=&#8221;http:\/\/vimeo.com&#8221; phone=&#8221;+358 44 599 2227&#8243; email=&#8221;harri(at)innolex.fi&#8221;][\/vc_column][\/vc_row][vc_row full_width=&#8221;stretch_row&#8221; disable_element=&#8221;yes&#8221; css=&#8221;.vc_custom_1604748522284{margin-bottom: 0px !important;padding-top: 70px !important;padding-bottom: 70px !important;background-color: #f9f5f0 !important;}&#8221;][vc_column][vc_custom_heading text=&#8221;MY STATISTIC&#8221; font_container=&#8221;tag:h2|font_size:30|text_align:center&#8221; use_theme_fonts=&#8221;yes&#8221; el_class=&#8221;heading_center&#8221;][thememove_skill name=&#8221;Development&#8221; value=&#8221;90&#8243; bg=&#8221;#ffffff&#8221; bar=&#8221;#c8a472&#8243;][thememove_skill name=&#8221;Banking &amp; Financial&#8221; value=&#8221;100&#8243; bg=&#8221;#ffffff&#8221; bar=&#8221;#c8a472&#8243;][thememove_skill name=&#8221;Family Law&#8221; value=&#8221;75&#8243; bg=&#8221;#ffffff&#8221; bar=&#8221;#c8a472&#8243;][thememove_skill name=&#8221;Real Estate&#8221; value=&#8221;100&#8243; bg=&#8221;#ffffff&#8221; bar=&#8221;#c8a472&#8243;][thememove_skill name=&#8221;Marketing&#8221; value=&#8221;80&#8243; bg=&#8221;#ffffff&#8221; bar=&#8221;#c8a472&#8243;][thememove_skill name=&#8221;Sale&#8221; value=&#8221;100&#8243; bg=&#8221;#ffffff&#8221; bar=&#8221;#c8a472&#8243;][\/vc_column][\/vc_row]<\/p>\n","protected":false},"excerpt":{"rendered":"<p>[vc_row content_placement=&#8221;middle&#8221; css=&#8221;.vc_custom_1604748730087{margin-bottom: 0px !important;}&#8221;][vc_column width=&#8221;1\/2&#8243;][vc_single_image image=&#8221;1420&#8243; img_size=&#8221;large&#8221; alignment=&#8221;right&#8221;][\/vc_column][vc_column width=&#8221;1\/2&#8243; css=&#8221;.vc_custom_1495531634969{padding-top: 70px !important;padding-bottom: 70px !important;}&#8221; el_class=&#8221;singleattorney_info&#8221;][thememove_memberinfo name=&#8221;Harri Stachon&#8221; byline=&#8221;ASIANAJAJA&#8221; desc=&#8221;Harri Stachonilla on laaja kokemus riidanratkaisusta sek\u00e4 tuomioistuimissa ett\u00e4 sovinnollisissa menettelyiss\u00e4. Erityisosaamisiin kuuluvat muun muassa avustaminen urakka- ja remonttiriidoissa, erilaisissa ty\u00f6suhderiidoissa sek\u00e4 vahingonkorvausasioissa. Harri on lis\u00e4ksi edustanut rikosoikeudellisissa oikeudenk\u00e4ynneiss\u00e4 sek\u00e4 vastaajaa ett\u00e4 asianomistajaa. Toimialaan lukeutuu my\u00f6s [&hellip;]<\/p>\n","protected":false},"author":2,"featured_media":0,"parent":1831,"menu_order":0,"comment_status":"closed","ping_status":"closed","template":"","meta":{"footnotes":""},"class_list":["post-1448","page","type-page","status-publish","hentry"],"_links":{"self":[{"href":"https:\/\/innolex.fi\/index.php?rest_route=\/wp\/v2\/pages\/1448","targetHints":{"allow":["GET"]}}],"collection":[{"href":"https:\/\/innolex.fi\/index.php?rest_route=\/wp\/v2\/pages"}],"about":[{"href":"https:\/\/innolex.fi\/index.php?rest_route=\/wp\/v2\/types\/page"}],"author":[{"embeddable":true,"href":"https:\/\/innolex.fi\/index.php?rest_route=\/wp\/v2\/users\/2"}],"replies":[{"embeddable":true,"href":"https:\/\/innolex.fi\/index.php?rest_route=%2Fwp%2Fv2%2Fcomments&post=1448"}],"version-history":[{"count":16,"href":"https:\/\/innolex.fi\/index.php?rest_route=\/wp\/v2\/pages\/1448\/revisions"}],"predecessor-version":[{"id":2126,"href":"https:\/\/innolex.fi\/index.php?rest_route=\/wp\/v2\/pages\/1448\/revisions\/2126"}],"up":[{"embeddable":true,"href":"https:\/\/innolex.fi\/index.php?rest_route=\/wp\/v2\/pages\/1831"}],"wp:attachment":[{"href":"https:\/\/innolex.fi\/index.php?rest_route=%2Fwp%2Fv2%2Fmedia&parent=1448"}],"curies":[{"name":"wp","href":"https:\/\/api.w.org\/{rel}","templated":true}]}}