{"id":15,"date":"2015-11-30T19:58:12","date_gmt":"2015-11-30T19:58:12","guid":{"rendered":"http:\/\/localhost\/~harri\/wordpress\/?page_id=15"},"modified":"2026-02-23T09:53:16","modified_gmt":"2026-02-23T07:53:16","slug":"yhteystiedot","status":"publish","type":"page","link":"https:\/\/innolex.fi\/?page_id=15","title":{"rendered":"Yhteystiedot"},"content":{"rendered":"<p>[vc_row css=&#8221;.vc_custom_1605375002643{padding-bottom: 30px !important;}&#8221;][vc_column][thememove_title show_decor=&#8221;1&#8243; small_title=&#8221;YHTEYSTIEDOT&#8221;][\/vc_column][\/vc_row][vc_row][vc_column width=&#8221;1\/2&#8243;][vc_gmaps link=&#8221;#E-8_JTNDaWZyYW1lJTIwc3JjJTNEJTIyaHR0cHMlM0ElMkYlMkZ3d3cuZ29vZ2xlLmNvbSUyRm1hcHMlMkZlbWJlZCUzRnBiJTNEJTIxMW0xOCUyMTFtMTIlMjExbTMlMjExZDE5ODQuMTkyODAxMTc4Njk5MyUyMTJkMjQuOTIzMDI3OTc3ODM2NzA3JTIxM2Q2MC4xNzc1NDA5NDI4MzgyNiUyMTJtMyUyMTFmMCUyMTJmMCUyMTNmMCUyMTNtMiUyMTFpMTAyNCUyMTJpNzY4JTIxNGYxMy4xJTIxM20zJTIxMW0yJTIxMXMweDQ2OTIwYTJlMmNjNzNlZTUlMjUzQTB4ZjFiNDlmM2JkYWQ4MjBjMyUyMTJzUG9oam9pbmVuJTI1MjBIZXNwZXJpYW5rYXR1JTI1MjAxMyUyNTIwYiUyNTJDJTI1MjAwMDI2MCUyNTIwSGVsc2lua2klMjE1ZTAlMjEzbTIlMjExc2ZpJTIxMnNmaSUyMTR2MTc3MDcyNjY2MTAyMCUyMTVtMiUyMTFzZmklMjEyc2ZpJTIyJTIwd2lkdGglM0QlMjI2MDAlMjIlMjBoZWlnaHQlM0QlMjI0NTAlMjIlMjBzdHlsZSUzRCUyMmJvcmRlciUzQTAlM0IlMjIlMjBhbGxvd2Z1bGxzY3JlZW4lM0QlMjIlMjIlMjBsb2FkaW5nJTNEJTIybGF6eSUyMiUyMHJlZmVycmVycG9saWN5JTNEJTIybm8tcmVmZXJyZXItd2hlbi1kb3duZ3JhZGUlMjIlM0UlM0MlMkZpZnJhbWUlM0U=&#8221;][\/vc_column][vc_column width=&#8221;1\/2&#8243;][vc_column_text]<\/p>\n<h3><strong>Asianajotoimisto Innolex Oy<\/strong><\/h3>\n<p><strong>K\u00e4ynti- ja postiosoite:<\/strong><\/p>\n<div class=\"wp-block-group\">\n<div class=\"wp-block-group__inner-container\">\n<div class=\"wp-block-group\">\n<div class=\"wp-block-group__inner-container\">\n<p>Pohjoinen Hesperiankatu 13 B 14<\/p>\n<p>00260 Helsinki<\/p>\n<\/div>\n<\/div>\n<\/div>\n<\/div>\n<hr \/>\n<p>Puhelin: +358 44 599 2227<\/p>\n<p>S\u00e4hk\u00f6posti: toimisto(at)innolex.fi<\/p>\n<p>Y-tunnus: 2628449-4<\/p>\n<p>ALV-tunnus: FI26284494<\/p>\n<p>Vakuutusnumero: Fennia 490-7208311[\/vc_column_text][\/vc_column][\/vc_row]<\/p>\n","protected":false},"excerpt":{"rendered":"<p>[vc_row css=&#8221;.vc_custom_1605375002643{padding-bottom: 30px !important;}&#8221;][vc_column][thememove_title show_decor=&#8221;1&#8243; small_title=&#8221;YHTEYSTIEDOT&#8221;][\/vc_column][\/vc_row][vc_row][vc_column width=&#8221;1\/2&#8243;][vc_gmaps link=&#8221;#E-8_JTNDaWZyYW1lJTIwc3JjJTNEJTIyaHR0cHMlM0ElMkYlMkZ3d3cuZ29vZ2xlLmNvbSUyRm1hcHMlMkZlbWJlZCUzRnBiJTNEJTIxMW0xOCUyMTFtMTIlMjExbTMlMjExZDE5ODQuMTkyODAxMTc4Njk5MyUyMTJkMjQuOTIzMDI3OTc3ODM2NzA3JTIxM2Q2MC4xNzc1NDA5NDI4MzgyNiUyMTJtMyUyMTFmMCUyMTJmMCUyMTNmMCUyMTNtMiUyMTFpMTAyNCUyMTJpNzY4JTIxNGYxMy4xJTIxM20zJTIxMW0yJTIxMXMweDQ2OTIwYTJlMmNjNzNlZTUlMjUzQTB4ZjFiNDlmM2JkYWQ4MjBjMyUyMTJzUG9oam9pbmVuJTI1MjBIZXNwZXJpYW5rYXR1JTI1MjAxMyUyNTIwYiUyNTJDJTI1MjAwMDI2MCUyNTIwSGVsc2lua2klMjE1ZTAlMjEzbTIlMjExc2ZpJTIxMnNmaSUyMTR2MTc3MDcyNjY2MTAyMCUyMTVtMiUyMTFzZmklMjEyc2ZpJTIyJTIwd2lkdGglM0QlMjI2MDAlMjIlMjBoZWlnaHQlM0QlMjI0NTAlMjIlMjBzdHlsZSUzRCUyMmJvcmRlciUzQTAlM0IlMjIlMjBhbGxvd2Z1bGxzY3JlZW4lM0QlMjIlMjIlMjBsb2FkaW5nJTNEJTIybGF6eSUyMiUyMHJlZmVycmVycG9saWN5JTNEJTIybm8tcmVmZXJyZXItd2hlbi1kb3duZ3JhZGUlMjIlM0UlM0MlMkZpZnJhbWUlM0U=&#8221;][\/vc_column][vc_column width=&#8221;1\/2&#8243;][vc_column_text] Asianajotoimisto Innolex Oy K\u00e4ynti- ja postiosoite: Pohjoinen Hesperiankatu 13 B 14 00260 Helsinki Puhelin: +358 44 599 2227 S\u00e4hk\u00f6posti: toimisto(at)innolex.fi Y-tunnus: 2628449-4 ALV-tunnus: FI26284494 Vakuutusnumero: Fennia 490-7208311[\/vc_column_text][\/vc_column][\/vc_row]<\/p>\n","protected":false},"author":2,"featured_media":0,"parent":0,"menu_order":0,"comment_status":"closed","ping_status":"closed","template":"","meta":{"footnotes":""},"class_list":["post-15","page","type-page","status-publish","hentry"],"_links":{"self":[{"href":"https:\/\/innolex.fi\/index.php?rest_route=\/wp\/v2\/pages\/15","targetHints":{"allow":["GET"]}}],"collection":[{"href":"https:\/\/innolex.fi\/index.php?rest_route=\/wp\/v2\/pages"}],"about":[{"href":"https:\/\/innolex.fi\/index.php?rest_route=\/wp\/v2\/types\/page"}],"author":[{"embeddable":true,"href":"https:\/\/innolex.fi\/index.php?rest_route=\/wp\/v2\/users\/2"}],"replies":[{"embeddable":true,"href":"https:\/\/innolex.fi\/index.php?rest_route=%2Fwp%2Fv2%2Fcomments&post=15"}],"version-history":[{"count":65,"href":"https:\/\/innolex.fi\/index.php?rest_route=\/wp\/v2\/pages\/15\/revisions"}],"predecessor-version":[{"id":2222,"href":"https:\/\/innolex.fi\/index.php?rest_route=\/wp\/v2\/pages\/15\/revisions\/2222"}],"wp:attachment":[{"href":"https:\/\/innolex.fi\/index.php?rest_route=%2Fwp%2Fv2%2Fmedia&parent=15"}],"curies":[{"name":"wp","href":"https:\/\/api.w.org\/{rel}","templated":true}]}}