{"id":1548,"date":"2020-11-07T22:01:07","date_gmt":"2020-11-07T20:01:07","guid":{"rendered":"https:\/\/innolex.fi\/?page_id=1548"},"modified":"2022-10-10T21:59:44","modified_gmt":"2022-10-10T19:59:44","slug":"etusivu","status":"publish","type":"page","link":"https:\/\/innolex.fi\/?page_id=1548","title":{"rendered":"Etusivu"},"content":{"rendered":"<p>[vc_row][vc_column][thememove_title show_decor=&#8221;1&#8243; small_title=&#8221;YRITYKSEST\u00c4&#8221;][\/vc_column][\/vc_row][vc_row content_placement=&#8221;top&#8221; css=&#8221;.vc_custom_1604779654733{margin-bottom: 0px !important;padding-top: 70px !important;padding-bottom: 40px !important;}&#8221;][vc_column width=&#8221;1\/2&#8243; css=&#8221;.vc_custom_1495531357677{margin-bottom: 30px !important;padding-top: 0px !important;}&#8221;][vc_single_image image=&#8221;2148&#8243; img_size=&#8221;large&#8221; alignment=&#8221;center&#8221; css_animation=&#8221;bottom-to-top&#8221;][\/vc_column][vc_column width=&#8221;1\/2&#8243; css=&#8221;.vc_custom_1495531351567{margin-bottom: 30px !important;padding-top: 0px !important;}&#8221;][vc_column_text]Asianajotoimistomme tarjoaa luotettavaa ja asiantuntevaa palvelua sek\u00e4 yksityis- ett\u00e4 yritysasiakkaille. Avustamme erilaisissa riidanratkaisuissa sek\u00e4 sopimusten laadinnoissa ja muussa oikeudellisessa konsultaatiossa.<\/p>\n<p>Yritys on perustettu vuonna 2014 ja kuulumme <a href=\"https:\/\/asianajajaliitto.fi\" target=\"_blank\" rel=\"noopener\">Suomen Asianajajaliittoon<\/a>. Noudatamme kaikessa toiminnassamme hyv\u00e4\u00e4 asianajotapaa.<\/p>\n<p>Oikeudenk\u00e4ynteihin liittyen hoidamme sek\u00e4 siviili- ett\u00e4 rikosoikeudellisia toimeksiantoja.<\/p>\n<p>Kokoukset ja tapaamiset voidaan hoitaa my\u00f6s et\u00e4n\u00e4 Microsoft Teams tai muiden et\u00e4ohjelmien avulla.<\/p>\n<p>Olemme nyttemmin siirtyneet hyvien kulkuyhteyksien p\u00e4\u00e4h\u00e4n <a href=\"https:\/\/innolex.fi\/yhteystiedot\/\" target=\"_blank\" rel=\"noopener\">Helsingin keskustaan Kalvevankadulle<\/a>, jossa voimme palvella asiakkaitamme entist\u00e4kin paremmin.<\/p>\n<p>Palveluumme kuuluu aina ilmainen alkuneuvottelu ja ongelmien kartoitus![\/vc_column_text][\/vc_column][\/vc_row]<\/p>\n","protected":false},"excerpt":{"rendered":"<p>[vc_row][vc_column][thememove_title show_decor=&#8221;1&#8243; small_title=&#8221;YRITYKSEST\u00c4&#8221;][\/vc_column][\/vc_row][vc_row content_placement=&#8221;top&#8221; css=&#8221;.vc_custom_1604779654733{margin-bottom: 0px !important;padding-top: 70px !important;padding-bottom: 40px !important;}&#8221;][vc_column width=&#8221;1\/2&#8243; css=&#8221;.vc_custom_1495531357677{margin-bottom: 30px !important;padding-top: 0px !important;}&#8221;][vc_single_image image=&#8221;2148&#8243; img_size=&#8221;large&#8221; alignment=&#8221;center&#8221; css_animation=&#8221;bottom-to-top&#8221;][\/vc_column][vc_column width=&#8221;1\/2&#8243; css=&#8221;.vc_custom_1495531351567{margin-bottom: 30px !important;padding-top: 0px !important;}&#8221;][vc_column_text]Asianajotoimistomme tarjoaa luotettavaa ja asiantuntevaa palvelua sek\u00e4 yksityis- ett\u00e4 yritysasiakkaille. Avustamme erilaisissa riidanratkaisuissa sek\u00e4 sopimusten laadinnoissa ja muussa oikeudellisessa konsultaatiossa. Yritys on perustettu vuonna 2014 ja kuulumme Suomen Asianajajaliittoon. [&hellip;]<\/p>\n","protected":false},"author":2,"featured_media":0,"parent":0,"menu_order":0,"comment_status":"closed","ping_status":"closed","template":"","meta":{"footnotes":""},"class_list":["post-1548","page","type-page","status-publish","hentry"],"_links":{"self":[{"href":"https:\/\/innolex.fi\/index.php?rest_route=\/wp\/v2\/pages\/1548","targetHints":{"allow":["GET"]}}],"collection":[{"href":"https:\/\/innolex.fi\/index.php?rest_route=\/wp\/v2\/pages"}],"about":[{"href":"https:\/\/innolex.fi\/index.php?rest_route=\/wp\/v2\/types\/page"}],"author":[{"embeddable":true,"href":"https:\/\/innolex.fi\/index.php?rest_route=\/wp\/v2\/users\/2"}],"replies":[{"embeddable":true,"href":"https:\/\/innolex.fi\/index.php?rest_route=%2Fwp%2Fv2%2Fcomments&post=1548"}],"version-history":[{"count":28,"href":"https:\/\/innolex.fi\/index.php?rest_route=\/wp\/v2\/pages\/1548\/revisions"}],"predecessor-version":[{"id":2158,"href":"https:\/\/innolex.fi\/index.php?rest_route=\/wp\/v2\/pages\/1548\/revisions\/2158"}],"wp:attachment":[{"href":"https:\/\/innolex.fi\/index.php?rest_route=%2Fwp%2Fv2%2Fmedia&parent=1548"}],"curies":[{"name":"wp","href":"https:\/\/api.w.org\/{rel}","templated":true}]}}