{"id":1579,"date":"2020-11-08T01:25:07","date_gmt":"2020-11-07T23:25:07","guid":{"rendered":"https:\/\/innolex.fi\/?page_id=1579"},"modified":"2024-08-31T09:32:36","modified_gmt":"2024-08-31T07:32:36","slug":"hinnasto","status":"publish","type":"page","link":"https:\/\/innolex.fi\/?page_id=1579","title":{"rendered":"Hinnasto"},"content":{"rendered":"<p>[vc_row][vc_column][thememove_title show_decor=&#8221;1&#8243; small_title=&#8221;HINNASTO&#8221;][\/vc_column][\/vc_row][vc_row content_placement=&#8221;top&#8221; css=&#8221;.vc_custom_1604779654733{margin-bottom: 0px !important;padding-top: 70px !important;padding-bottom: 40px !important;}&#8221;][vc_column css=&#8221;.vc_custom_1495531357677{margin-bottom: 30px !important;padding-top: 0px !important;}&#8221;][vc_custom_heading text=&#8221;YLEIST\u00c4 TOIMEKSIANNOISTA JA NIIDEN PALKKIOISTA&#8221; font_container=&#8221;tag:h3|text_align:left&#8221; use_theme_fonts=&#8221;yes&#8221; tm_font_weight=&#8221;&#8221; el_class=&#8221;heading_left&#8221;][vc_column_text]Toimeksiannot ja niist\u00e4 maksettavat palkkiot normaalisti jakautuvat toimeksiannosta riippuen niihin, joihin my\u00f6nnet\u00e4\u00e4n oikeusturvavakuutus, joihin mahdollisesti my\u00f6nnet\u00e4\u00e4n maksuton oikeudenk\u00e4ynti tai jotka maksetaan suoraan asiakkaan toimesta.<\/p>\n<p>Oikeusturvavakuutuksen m\u00e4\u00e4r\u00e4ytyminen ja sen ehdot on m\u00e4\u00e4ritelty joko yksityisen tai yrityksen oikeusturvavakuutuksen ehdoissa. Maksuttomasta oikeusavusta l\u00f6ytyy lis\u00e4tietoa alla olevasta linkist\u00e4:<\/p>\n<p><a href=\"https:\/\/oikeus.fi\/oikeusapu\/fi\/index\/hakeminen\/mihinasioihinoikeusapuasaa.html\">https:\/\/oikeus.fi\/oikeusapu\/fi\/index\/hakeminen\/mihinasioihinoikeusapuasaa.html<\/a><\/p>\n<p>Toimeksiannon vastaanottamisen yhteydess\u00e4 kartoitetaan eri vaihtoehdot l\u00e4pi yhdess\u00e4 asiakkaan kanssa.<\/p>\n<p>Asianajotoimisto Innolex Oy kuuluu Suomen Asianajajaliittoon ja laskutuksessa noudatetaan hyv\u00e4\u00e4 asianajotapaa ja kohtuullista ty\u00f6h\u00f6n k\u00e4ytett\u00e4v\u00e4\u00e4 laskutusperustetta. Palkkioista on my\u00f6s aina mahdollista sopia toimeksiantokohtaisesti erikseen.<\/p>\n<p>Palveluumme kuuluu aina maksuton ongelmien kartoitus, jossa kartoitetaan my\u00f6s palkkioon liittyv\u00e4t kysymykset.[\/vc_column_text][vc_separator style=&#8221;shadow&#8221; css=&#8221;.vc_custom_1605383715781{padding-top: 30px !important;padding-bottom: 30px !important;}&#8221;][vc_custom_heading text=&#8221;TUNTIHINNOISTA&#8221; font_container=&#8221;tag:h3|text_align:left&#8221; use_theme_fonts=&#8221;yes&#8221; tm_font_weight=&#8221;&#8221; el_class=&#8221;heading_left&#8221;][vc_column_text]Normaali tuntilaskutuksemme yksityishenkil\u00f6ille on toimeksiannosta riippuen 189 \u2013 339 euroa sis\u00e4lt\u00e4en arvonlis\u00e4veron 25,5 % (150 &#8211; 270 euroa alv 0%).<\/p>\n<p>Tuntilaskutuksemme yrityksille on 200 \u2013 270 euroa tunnilta ilman arvonlis\u00e4veroa (25,5%).<\/p>\n<p>Laskutus perustuu aina kohtuulliseen tuntim\u00e4\u00e4r\u00e4\u00e4n ja on aina my\u00f6s sovittavissa tapauskohtaisesti.[\/vc_column_text][\/vc_column][\/vc_row]<\/p>\n","protected":false},"excerpt":{"rendered":"<p>[vc_row][vc_column][thememove_title show_decor=&#8221;1&#8243; small_title=&#8221;HINNASTO&#8221;][\/vc_column][\/vc_row][vc_row content_placement=&#8221;top&#8221; css=&#8221;.vc_custom_1604779654733{margin-bottom: 0px !important;padding-top: 70px !important;padding-bottom: 40px !important;}&#8221;][vc_column css=&#8221;.vc_custom_1495531357677{margin-bottom: 30px !important;padding-top: 0px !important;}&#8221;][vc_custom_heading text=&#8221;YLEIST\u00c4 TOIMEKSIANNOISTA JA NIIDEN PALKKIOISTA&#8221; font_container=&#8221;tag:h3|text_align:left&#8221; use_theme_fonts=&#8221;yes&#8221; tm_font_weight=&#8221;&#8221; el_class=&#8221;heading_left&#8221;][vc_column_text]Toimeksiannot ja niist\u00e4 maksettavat palkkiot normaalisti jakautuvat toimeksiannosta riippuen niihin, joihin my\u00f6nnet\u00e4\u00e4n oikeusturvavakuutus, joihin mahdollisesti my\u00f6nnet\u00e4\u00e4n maksuton oikeudenk\u00e4ynti tai jotka maksetaan suoraan asiakkaan toimesta. Oikeusturvavakuutuksen m\u00e4\u00e4r\u00e4ytyminen ja sen ehdot on m\u00e4\u00e4ritelty [&hellip;]<\/p>\n","protected":false},"author":2,"featured_media":0,"parent":0,"menu_order":0,"comment_status":"closed","ping_status":"closed","template":"","meta":{"footnotes":""},"class_list":["post-1579","page","type-page","status-publish","hentry"],"_links":{"self":[{"href":"https:\/\/innolex.fi\/index.php?rest_route=\/wp\/v2\/pages\/1579","targetHints":{"allow":["GET"]}}],"collection":[{"href":"https:\/\/innolex.fi\/index.php?rest_route=\/wp\/v2\/pages"}],"about":[{"href":"https:\/\/innolex.fi\/index.php?rest_route=\/wp\/v2\/types\/page"}],"author":[{"embeddable":true,"href":"https:\/\/innolex.fi\/index.php?rest_route=\/wp\/v2\/users\/2"}],"replies":[{"embeddable":true,"href":"https:\/\/innolex.fi\/index.php?rest_route=%2Fwp%2Fv2%2Fcomments&post=1579"}],"version-history":[{"count":30,"href":"https:\/\/innolex.fi\/index.php?rest_route=\/wp\/v2\/pages\/1579\/revisions"}],"predecessor-version":[{"id":2205,"href":"https:\/\/innolex.fi\/index.php?rest_route=\/wp\/v2\/pages\/1579\/revisions\/2205"}],"wp:attachment":[{"href":"https:\/\/innolex.fi\/index.php?rest_route=%2Fwp%2Fv2%2Fmedia&parent=1579"}],"curies":[{"name":"wp","href":"https:\/\/api.w.org\/{rel}","templated":true}]}}