{"id":1610,"date":"2020-11-08T12:53:39","date_gmt":"2020-11-08T10:53:39","guid":{"rendered":"https:\/\/innolex.fi\/?page_id=1610"},"modified":"2022-01-14T00:13:54","modified_gmt":"2022-01-13T22:13:54","slug":"riidanratkaisut","status":"publish","type":"page","link":"https:\/\/innolex.fi\/?page_id=1610","title":{"rendered":"Riidanratkaisut"},"content":{"rendered":"<p>[vc_row css=&#8221;.vc_custom_1447990911143{margin-top: 0px !important;margin-bottom: 0px !important;}&#8221;][vc_column][thememove_title show_decor=&#8221;1&#8243; small_title=&#8221;RIIDANRATKAISUT&#8221;][vc_column_text]Riidanratkaisut ovat olennainen osa asianajotoimintaa. Kaikki riidat pyrit\u00e4\u00e4n aina ensisijaisesti selvitt\u00e4m\u00e4\u00e4n osapuolten v\u00e4lisin neuvotteluin.<\/p>\n<p>Valitettavan usein asioita ei saada sovittua osapuolten v\u00e4lisin neuvotteluin tai kyseess\u00e4 on rikosasiasta, jolloin oikeudenk\u00e4ynti j\u00e4\u00e4 ainoaksi vaihtoehdoksi.<\/p>\n<p>Toimistollamme on vankka kokemus sek\u00e4 siviili- ett\u00e4 rikosasioiden hoitamisesta oikeudessa. Siviiliasioissa asia voidaan sopia ja usein my\u00f6s sovitaankin oikeudenk\u00e4ynnin kest\u00e4ess\u00e4 joko vapaamuotoisesti tai erillisess\u00e4 tuomioistuinsovittelussa.[\/vc_column_text][vc_row_inner css=&#8221;.vc_custom_1447991335774{margin-top: 30px !important;}&#8221;][vc_column_inner width=&#8221;1\/2&#8243;][vc_custom_heading text=&#8221;SIVIILIPROSESSIT&#8221; font_container=&#8221;tag:h3|font_size:20|text_align:left|color:%23333333&#8243; use_theme_fonts=&#8221;yes&#8221; tm_font_weight=&#8221;&#8221; el_class=&#8221;heading_left&#8221;][vc_column_text el_class=&#8221;tmlawyer_textbox_2&#8243; css=&#8221;.vc_custom_1642112031923{margin-bottom: 15px !important;}&#8221;]Siviiliprosessi on useimmille ihmisille ja yrityksille todenn\u00e4k\u00f6isesti tutumpi oikeudenk\u00e4yntimenettely. Oikeudenk\u00e4ynti tulee vireille haastehakemuksella, jonka j\u00e4lkeen muutamien v\u00e4livaiheiden kautta asiassa toimitetaan valmistelu ja p\u00e4\u00e4k\u00e4sittely. T\u00e4m\u00e4n j\u00e4lkeen asiassa annetaan tuomio, mik\u00e4li sovintoon ei olla p\u00e4\u00e4sty ennen t\u00e4t\u00e4.<\/p>\n<p>Useimmissa tapauksissa omat oikeudenk\u00e4yntikulut korvataan oikeusturvavakuutuksesta, joskin t\u00e4st\u00e4 on muutamia poikkeuksia, kuten yksityishenkil\u00f6iden ty\u00f6suhderiidat sek\u00e4 tietyt perheoikeuksiin liittyv\u00e4t asiat. My\u00f6s valtion my\u00f6nt\u00e4m\u00e4 oikeusapu on mahdollista saada mik\u00e4li tulot ja varat menev\u00e4t tietyn minimirajan alle.<\/p>\n<p>Toimistollamme on kokemusta lukuisten erityyppisten asioiden avustamisesta oikeudessa. Olemme avustaneet muun muassa asioissa, jotka koskevat:<\/p>\n<ul>\n<li>urakka- ja remonttiriitoja<\/li>\n<li>vahingonkorvausriitoja<\/li>\n<li>ty\u00f6suhderiitoja<\/li>\n<li>sek\u00e4 lukuisia muun tyyppisi\u00e4 oikeudenk\u00e4yntej\u00e4<\/li>\n<\/ul>\n<p>Oikeudenk\u00e4ynnin kest\u00e4ess\u00e4 asia saatetaan sopia my\u00f6s joko osapuolten vapaaehtoisten sovintoneuvottelujen tai virallisen tuomioistuinsovittelun kautta. Tuomioistuinsovittelussa asia siirret\u00e4\u00e4n varsinaisesta oikeudenk\u00e4ynnist\u00e4 sovittelutuomarin johdolla k\u00e4yt\u00e4viin sovitteluneuvotteluihin. Asian ratkaiseminen sovinnon kautta on usein sek\u00e4 henkisesti ett\u00e4 taloudellisesti j\u00e4rkev\u00e4 vaihtoehto.[\/vc_column_text][\/vc_column_inner][vc_column_inner width=&#8221;1\/2&#8243;][vc_single_image image=&#8221;1619&#8243; img_size=&#8221;full&#8221; css_animation=&#8221;bottom-to-top&#8221;][\/vc_column_inner][\/vc_row_inner][vc_row_inner css=&#8221;.vc_custom_1450341202406{margin-top: 30px !important;}&#8221;][vc_column_inner width=&#8221;1\/2&#8243;][vc_single_image image=&#8221;1618&#8243; img_size=&#8221;full&#8221; css_animation=&#8221;bottom-to-top&#8221; css=&#8221;.vc_custom_1604835858464{margin-bottom: 15px !important;}&#8221;][\/vc_column_inner][vc_column_inner width=&#8221;1\/2&#8243;][vc_custom_heading text=&#8221;RIKOSPROSESSIT&#8221; font_container=&#8221;tag:h3|font_size:20|text_align:left|color:%23333333&#8243; use_theme_fonts=&#8221;yes&#8221; tm_font_weight=&#8221;&#8221; el_class=&#8221;heading_left&#8221;][vc_column_text el_class=&#8221;tmlawyer_textbox_2&#8243; css=&#8221;.vc_custom_1604854590850{margin-bottom: 30px !important;}&#8221;]Rikosprosessit eroavat luonteensa ja k\u00e4sittelyns\u00e4 puolesta siviilioikeudellisista riidoista. Usein tosin rikosprosesseissakin k\u00e4sitell\u00e4\u00e4n samassa yhteydess\u00e4 asianomistajan vahingonkorvausvaatimuksia tai muita siviiliprosessuaalisia asioita.<\/p>\n<p>Toisin kun siviiliprosesseja, normaalisti rikosoikeudenk\u00e4yntej\u00e4 ajetaan viranomaisten toimesta. Varsinaista oikeudenk\u00e4ynti\u00e4 normaalisti edelt\u00e4\u00e4 esitutkinta, jossa ker\u00e4t\u00e4\u00e4n mahdollinen oikeudenk\u00e4yntiaineisto ja n\u00e4ytt\u00f6 sek\u00e4 p\u00e4\u00e4tet\u00e4\u00e4n mahdollisen syytteen nostamisesta. My\u00f6skin erotuksena siiviiliprosessiin, tuomioistuin ottaa my\u00f6s oma-aloitteisesti osaa jutun oikeudellisiin- ja muihin kysymyksiin.<\/p>\n<p>Sek\u00e4 syytetyn ett\u00e4 asianomistajan etujen mukaista on saada oikeudellista apua mahdollisimman aikaisessa vaiheessa, mielell\u00e4\u00e4n heti esitutkintavaiheessa.<\/p>\n<p>Oikeudenk\u00e4yntikulut saatetaan korvata joko oikeusturvavakuutuksesta, oikeusapuna tai puolustajan m\u00e4\u00e4r\u00e4yksen kautta.<\/p>\n<p>Olemme avustaneet lukuisissa rikosprosesseissa sek\u00e4 syytetyn ett\u00e4 asianomistajan puolella.<\/p>\n<p>&nbsp;<\/p>\n<p>&nbsp;<\/p>\n<p>&nbsp;<\/p>\n<p>&nbsp;<\/p>\n<p>&nbsp;<\/p>\n<p>[\/vc_column_text][thememove_title][\/vc_column_inner][\/vc_row_inner][\/vc_column][\/vc_row]<\/p>\n","protected":false},"excerpt":{"rendered":"<p>[vc_row css=&#8221;.vc_custom_1447990911143{margin-top: 0px !important;margin-bottom: 0px !important;}&#8221;][vc_column][thememove_title show_decor=&#8221;1&#8243; small_title=&#8221;RIIDANRATKAISUT&#8221;][vc_column_text]Riidanratkaisut ovat olennainen osa asianajotoimintaa. Kaikki riidat pyrit\u00e4\u00e4n aina ensisijaisesti selvitt\u00e4m\u00e4\u00e4n osapuolten v\u00e4lisin neuvotteluin. Valitettavan usein asioita ei saada sovittua osapuolten v\u00e4lisin neuvotteluin tai kyseess\u00e4 on rikosasiasta, jolloin oikeudenk\u00e4ynti j\u00e4\u00e4 ainoaksi vaihtoehdoksi. Toimistollamme on vankka kokemus sek\u00e4 siviili- ett\u00e4 rikosasioiden hoitamisesta oikeudessa. Siviiliasioissa asia voidaan sopia ja usein [&hellip;]<\/p>\n","protected":false},"author":2,"featured_media":980,"parent":1564,"menu_order":0,"comment_status":"closed","ping_status":"closed","template":"","meta":{"footnotes":""},"class_list":["post-1610","page","type-page","status-publish","has-post-thumbnail","hentry"],"_links":{"self":[{"href":"https:\/\/innolex.fi\/index.php?rest_route=\/wp\/v2\/pages\/1610","targetHints":{"allow":["GET"]}}],"collection":[{"href":"https:\/\/innolex.fi\/index.php?rest_route=\/wp\/v2\/pages"}],"about":[{"href":"https:\/\/innolex.fi\/index.php?rest_route=\/wp\/v2\/types\/page"}],"author":[{"embeddable":true,"href":"https:\/\/innolex.fi\/index.php?rest_route=\/wp\/v2\/users\/2"}],"replies":[{"embeddable":true,"href":"https:\/\/innolex.fi\/index.php?rest_route=%2Fwp%2Fv2%2Fcomments&post=1610"}],"version-history":[{"count":24,"href":"https:\/\/innolex.fi\/index.php?rest_route=\/wp\/v2\/pages\/1610\/revisions"}],"predecessor-version":[{"id":2120,"href":"https:\/\/innolex.fi\/index.php?rest_route=\/wp\/v2\/pages\/1610\/revisions\/2120"}],"up":[{"embeddable":true,"href":"https:\/\/innolex.fi\/index.php?rest_route=\/wp\/v2\/pages\/1564"}],"wp:featuredmedia":[{"embeddable":true,"href":"https:\/\/innolex.fi\/index.php?rest_route=\/wp\/v2\/media\/980"}],"wp:attachment":[{"href":"https:\/\/innolex.fi\/index.php?rest_route=%2Fwp%2Fv2%2Fmedia&parent=1610"}],"curies":[{"name":"wp","href":"https:\/\/api.w.org\/{rel}","templated":true}]}}