{"id":1647,"date":"2020-11-08T19:07:22","date_gmt":"2020-11-08T17:07:22","guid":{"rendered":"https:\/\/innolex.fi\/?page_id=1647"},"modified":"2022-01-14T00:16:08","modified_gmt":"2022-01-13T22:16:08","slug":"sopimukset","status":"publish","type":"page","link":"https:\/\/innolex.fi\/?page_id=1647","title":{"rendered":"Sopimukset ja muu konsultaatio"},"content":{"rendered":"<p>[vc_row css=&#8221;.vc_custom_1447990911143{margin-top: 0px !important;margin-bottom: 0px !important;}&#8221;][vc_column][thememove_title show_decor=&#8221;1&#8243; small_title=&#8221;SOPIMUKSET JA MUU OIKEUDELLINEN KONSULTAATIO&#8221;][vc_column_text]Erilaiset sopimukset ja asiakirjojen laadinnat muodostavat olennaisen osan asianajotoiminnastamme. Omaamme vankan kokemuksen erilaisten sopimusten laadinnasta tai muusta oikeudellisesta konsultaatiosta, kuten yrityksen IPR-oikeuksien suojaamisesta tai muusta yritystoimintaan liittyv\u00e4st\u00e4 neuvonnasta.<\/p>\n<p>Tarjoamme sopimusoikeudellista ja muuta oikeudellista konsultaatiota sek\u00e4 yksityisille ett\u00e4 yrityksille.[\/vc_column_text][vc_row_inner css=&#8221;.vc_custom_1447991335774{margin-top: 30px !important;}&#8221;][vc_column_inner width=&#8221;1\/2&#8243;][vc_custom_heading text=&#8221;YKSITYISET&#8221; font_container=&#8221;tag:h3|font_size:20|text_align:left|color:%23333333&#8243; use_theme_fonts=&#8221;yes&#8221; tm_font_weight=&#8221;&#8221; el_class=&#8221;heading_left&#8221;][vc_column_text el_class=&#8221;tmlawyer_textbox_2&#8243; css=&#8221;.vc_custom_1642112165244{margin-bottom: 15px !important;}&#8221;]Yksityisten osalta oikeudelliset kysymykset nousevat l\u00e4pi el\u00e4m\u00e4n ajoittain esiin. Toimistomme auttaa n\u00e4iss\u00e4 ja pyrkii osaltaan v\u00e4hent\u00e4m\u00e4\u00e4n kynnyst\u00e4 ottaa yhteytt\u00e4 asianajotoimistoon. Olemme tehneet t\u00e4m\u00e4n tuomalla toimipaikkamme kauppakeskukseen l\u00e4helle ihmisi\u00e4 sek\u00e4 poistamalla alkuvaiheen yhteydenottoon liittyv\u00e4t kynnyket. Alkuneuvottelu sek\u00e4 ongelmien kartoitus on meill\u00e4 aina maksuton.<\/p>\n<p>Yksityishenkil\u00f6ill\u00e4 saattaa olla my\u00f6s kysymyksi\u00e4 muissa oikeudellisissa asioissa, jotka koskevat mahdollisesti orastavia oikeudellisia riitoja tai muita oikeudellisia kysymyksi\u00e4.<\/p>\n<p>Ottakaa rohkeasti yhteytt\u00e4 joko yhteydenottolomakkeella tai muita viestimi\u00e4 k\u00e4ytt\u00e4en tai tervetuloa k\u00e4ym\u00e4\u00e4n suoraa toimistollamme![\/vc_column_text][\/vc_column_inner][vc_column_inner width=&#8221;1\/2&#8243;][vc_single_image image=&#8221;971&#8243; img_size=&#8221;full&#8221; css_animation=&#8221;bottom-to-top&#8221;][\/vc_column_inner][\/vc_row_inner][vc_row_inner css=&#8221;.vc_custom_1450341202406{margin-top: 30px !important;}&#8221;][vc_column_inner width=&#8221;1\/2&#8243;][vc_single_image image=&#8221;24&#8243; img_size=&#8221;full&#8221; css_animation=&#8221;bottom-to-top&#8221; css=&#8221;.vc_custom_1604855704943{margin-bottom: 15px !important;}&#8221;][\/vc_column_inner][vc_column_inner width=&#8221;1\/2&#8243;][vc_custom_heading text=&#8221;YRITYKSET&#8221; font_container=&#8221;tag:h3|font_size:20|text_align:left|color:%23333333&#8243; use_theme_fonts=&#8221;yes&#8221; tm_font_weight=&#8221;&#8221; el_class=&#8221;heading_left&#8221;][vc_column_text el_class=&#8221;tmlawyer_textbox_2&#8243; css=&#8221;.vc_custom_1605304962544{margin-bottom: 30px !important;}&#8221;]Yritysten oikeudellisen konsultaation tarve alkaa k\u00e4yt\u00e4nn\u00f6ss\u00e4 jo ennen yrityksen perustamista kest\u00e4en koko sen elinkaaren l\u00e4pi. Yritys tarvitsee usein konsultaatiota jo yrityksen perustamisessa sek\u00e4 lukuisissa kysymyksiss\u00e4 yritystoiminnan kest\u00e4ess\u00e4. Useimmiten on my\u00f6s j\u00e4rkev\u00e4\u00e4 ottaa yhteytt\u00e4 meihin mahdollisimman aikaisin, etenkin jos kyseess\u00e4 on orastava riita-asia.<\/p>\n<p>Normaaliin yritystoiminnan palvelualaamme kuuluu muun muassa:<\/p>\n<ul>\n<li>urakka- ja remonttiriidat<\/li>\n<li>yritystoiminnassa esiin nousevat vahingonkorvaus- tai muut kysymykset<\/li>\n<li>yritysten perustamiset<\/li>\n<li>osakassopimusten laadinnat<\/li>\n<li>yrityskaupat<\/li>\n<li>normaaliin yritystoiminnassa teht\u00e4vien sopimusten laadinnat<\/li>\n<li>yritystoiminnassa tapahtuviin neuvotteluihin osallistuminen<\/li>\n<li>asunto-osakeyhti\u00f6asiat<\/li>\n<li>yritysten lopettamiset<\/li>\n<\/ul>\n<p>My\u00f6s yritysasiakkaiden kohdalla on aina maksuton alkuneuvottelu sek\u00e4 ongelmien kartoitus, joten ottakaa rohkeasti yhteytt\u00e4!<\/p>\n<p>&nbsp;<\/p>\n<p>&nbsp;<\/p>\n<p>&nbsp;<\/p>\n<p>&nbsp;<\/p>\n<p>[\/vc_column_text][\/vc_column_inner][\/vc_row_inner][\/vc_column][\/vc_row][vc_row][vc_column][\/vc_column][\/vc_row]<\/p>\n","protected":false},"excerpt":{"rendered":"<p>[vc_row css=&#8221;.vc_custom_1447990911143{margin-top: 0px !important;margin-bottom: 0px !important;}&#8221;][vc_column][thememove_title show_decor=&#8221;1&#8243; small_title=&#8221;SOPIMUKSET JA MUU OIKEUDELLINEN KONSULTAATIO&#8221;][vc_column_text]Erilaiset sopimukset ja asiakirjojen laadinnat muodostavat olennaisen osan asianajotoiminnastamme. Omaamme vankan kokemuksen erilaisten sopimusten laadinnasta tai muusta oikeudellisesta konsultaatiosta, kuten yrityksen IPR-oikeuksien suojaamisesta tai muusta yritystoimintaan liittyv\u00e4st\u00e4 neuvonnasta. Tarjoamme sopimusoikeudellista ja muuta oikeudellista konsultaatiota sek\u00e4 yksityisille ett\u00e4 yrityksille.[\/vc_column_text][vc_row_inner css=&#8221;.vc_custom_1447991335774{margin-top: 30px !important;}&#8221;][vc_column_inner width=&#8221;1\/2&#8243;][vc_custom_heading text=&#8221;YKSITYISET&#8221; font_container=&#8221;tag:h3|font_size:20|text_align:left|color:%23333333&#8243; [&hellip;]<\/p>\n","protected":false},"author":2,"featured_media":2045,"parent":1564,"menu_order":0,"comment_status":"closed","ping_status":"closed","template":"","meta":{"footnotes":""},"class_list":["post-1647","page","type-page","status-publish","has-post-thumbnail","hentry"],"_links":{"self":[{"href":"https:\/\/innolex.fi\/index.php?rest_route=\/wp\/v2\/pages\/1647","targetHints":{"allow":["GET"]}}],"collection":[{"href":"https:\/\/innolex.fi\/index.php?rest_route=\/wp\/v2\/pages"}],"about":[{"href":"https:\/\/innolex.fi\/index.php?rest_route=\/wp\/v2\/types\/page"}],"author":[{"embeddable":true,"href":"https:\/\/innolex.fi\/index.php?rest_route=\/wp\/v2\/users\/2"}],"replies":[{"embeddable":true,"href":"https:\/\/innolex.fi\/index.php?rest_route=%2Fwp%2Fv2%2Fcomments&post=1647"}],"version-history":[{"count":24,"href":"https:\/\/innolex.fi\/index.php?rest_route=\/wp\/v2\/pages\/1647\/revisions"}],"predecessor-version":[{"id":2121,"href":"https:\/\/innolex.fi\/index.php?rest_route=\/wp\/v2\/pages\/1647\/revisions\/2121"}],"up":[{"embeddable":true,"href":"https:\/\/innolex.fi\/index.php?rest_route=\/wp\/v2\/pages\/1564"}],"wp:featuredmedia":[{"embeddable":true,"href":"https:\/\/innolex.fi\/index.php?rest_route=\/wp\/v2\/media\/2045"}],"wp:attachment":[{"href":"https:\/\/innolex.fi\/index.php?rest_route=%2Fwp%2Fv2%2Fmedia&parent=1647"}],"curies":[{"name":"wp","href":"https:\/\/api.w.org\/{rel}","templated":true}]}}