{"id":1680,"date":"2020-11-08T23:11:32","date_gmt":"2020-11-08T21:11:32","guid":{"rendered":"https:\/\/innolex.fi\/?page_id=1680"},"modified":"2020-11-22T21:20:09","modified_gmt":"2020-11-22T19:20:09","slug":"testamentti","status":"publish","type":"page","link":"https:\/\/innolex.fi\/?page_id=1680","title":{"rendered":"Testamentti"},"content":{"rendered":"<p>[vc_row content_placement=&#8221;top&#8221; css=&#8221;.vc_custom_1604779654733{margin-bottom: 0px !important;padding-top: 70px !important;padding-bottom: 40px !important;}&#8221;][vc_column width=&#8221;1\/4&#8243; css=&#8221;.vc_custom_1495531357677{margin-bottom: 30px !important;padding-top: 0px !important;}&#8221;][vc_single_image image=&#8221;1706&#8243; img_size=&#8221;large&#8221; alignment=&#8221;center&#8221; css_animation=&#8221;bottom-to-top&#8221;][\/vc_column][vc_column width=&#8221;3\/4&#8243; css=&#8221;.vc_custom_1495531351567{margin-bottom: 30px !important;padding-top: 0px !important;}&#8221;][vc_custom_heading text=&#8221;TESTAMENTTI&#8221; font_container=&#8221;tag:h3|font_size:30|text_align:left&#8221; use_theme_fonts=&#8221;yes&#8221; tm_font_weight=&#8221;&#8221; el_class=&#8221;heading_left&#8221;][vc_column_text]Testamentilla m\u00e4\u00e4r\u00e4t\u00e4\u00e4n normaalisti, miten omaisuus on kuoleman j\u00e4lkeen jaettava. Testamenttausvapautta saattaa rajoittaa esimerkiksi rintaperillisen oikeus lakiosaan.\u00a0Testamentti on m\u00e4\u00e4r\u00e4muotoinen oikeustoimi siten, ett\u00e4 testamentti tulee omak\u00e4tisesti allekirjoittaa kahden esteett\u00f6m\u00e4n todistajan ollessa yht\u00e4aikaisesti l\u00e4sn\u00e4.<\/p>\n<p>Testamentilla voidaan my\u00f6s m\u00e4\u00e4r\u00e4t\u00e4, ettei perillisten nykyisill\u00e4 eik\u00e4 tulevilla puolisoilla ole avio-oikeutta peritt\u00e4v\u00e4\u00e4 omaisuuteen. Jos haluatte ottaa t\u00e4t\u00e4 koskevan m\u00e4\u00e4r\u00e4yksen, niin rastittakaa t\u00e4t\u00e4 koskeva kohta lomakkeesta.<\/p>\n<p>Testamentin toimeenpanija huolehtii siit\u00e4, ett\u00e4 testamentti aikanaan saatetaan asianmukaisesti t\u00e4yt\u00e4nt\u00f6\u00f6n. Testamentin toimeenpanija valitaan my\u00f6s oletusarvoisesti tarvittaessa kuolinpes\u00e4n selvitt\u00e4j\u00e4ksi- ja jakajaksi. Mik\u00e4li haluatte testamenttiin toimeenpanijaa koskevan m\u00e4\u00e4r\u00e4yksen, niin rastittakaa t\u00e4t\u00e4 koskeva kohta lomakkeesta.<\/p>\n<p>Testamentti voidaan allekirjoittaa ja todistaa toimistollamme Isossa Omenassa. K\u00e4ymme lis\u00e4ksi viel\u00e4 aina varsinaisen testamentin testamenttim\u00e4\u00e4r\u00e4yksineen yhdess\u00e4 l\u00e4pi ennen allekirjoittamista.<\/p>\n<p>T\u00e4yt\u00e4 ja l\u00e4het\u00e4 alla oleva testamenttilomake, niin luonnostelemme varsinaisen testamentin ja l\u00e4het\u00e4mme luonnoksen kommentoitavaksi. T\u00e4m\u00e4n j\u00e4lkeen voimme viel\u00e4 k\u00e4yd\u00e4 testamentin yhdess\u00e4 l\u00e4pi sek\u00e4 allekirjoittaa ja todistaa testamentin oikeaksi t\u00e4\u00e4ll\u00e4 meid\u00e4n toimistollamme.[\/vc_column_text]<div class=\"wpforms-container wpforms-container-full\" id=\"wpforms-896\"><form id=\"wpforms-form-896\" class=\"wpforms-validate wpforms-form\" data-formid=\"896\" method=\"post\" enctype=\"multipart\/form-data\" action=\"\/index.php?rest_route=%2Fwp%2Fv2%2Fpages%2F1680\" data-token=\"cd6e23c54bfebbb5de6240f75402e1b4\" data-token-time=\"1778255657\"><noscript class=\"wpforms-error-noscript\">Please enable JavaScript in your browser to complete this form.<\/noscript><div class=\"wpforms-field-container\"><div id=\"wpforms-896-field_15-container\" class=\"wpforms-field wpforms-field-text\" data-field-id=\"15\"><label class=\"wpforms-field-label\" for=\"wpforms-896-field_15\">Testamentin tekij\u00e4n nimi <span class=\"wpforms-required-label\">*<\/span><\/label><input type=\"text\" id=\"wpforms-896-field_15\" class=\"wpforms-field-medium wpforms-field-required\" name=\"wpforms[fields][15]\" required><\/div><div id=\"wpforms-896-field_16-container\" class=\"wpforms-field wpforms-field-text\" data-field-id=\"16\"><label class=\"wpforms-field-label\" for=\"wpforms-896-field_16\">Katuosoite <span class=\"wpforms-required-label\">*<\/span><\/label><input type=\"text\" id=\"wpforms-896-field_16\" class=\"wpforms-field-medium wpforms-field-required\" name=\"wpforms[fields][16]\" required><\/div><div id=\"wpforms-896-field_17-container\" class=\"wpforms-field wpforms-field-text\" data-field-id=\"17\"><label class=\"wpforms-field-label\" for=\"wpforms-896-field_17\">Postinumero <span class=\"wpforms-required-label\">*<\/span><\/label><input type=\"text\" id=\"wpforms-896-field_17\" class=\"wpforms-field-small wpforms-field-required wpforms-limit-characters-enabled\" data-form-id=\"896\" data-field-id=\"17\" data-text-limit=\"6\" name=\"wpforms[fields][17]\" maxlength=\"6\" required><\/div><div id=\"wpforms-896-field_19-container\" class=\"wpforms-field wpforms-field-text\" data-field-id=\"19\"><label class=\"wpforms-field-label\" for=\"wpforms-896-field_19\">Kaupunki <span class=\"wpforms-required-label\">*<\/span><\/label><input type=\"text\" id=\"wpforms-896-field_19\" class=\"wpforms-field-small wpforms-field-required\" name=\"wpforms[fields][19]\" required><\/div><div id=\"wpforms-896-field_13-container\" class=\"wpforms-field wpforms-field-textarea\" data-field-id=\"13\"><label class=\"wpforms-field-label\" for=\"wpforms-896-field_13\">Testamenttim\u00e4\u00e4r\u00e4ys<\/label><textarea id=\"wpforms-896-field_13\" class=\"wpforms-field-medium\" name=\"wpforms[fields][13]\" placeholder=\"Vapaamuotoinen selostus testamenttim\u00e4\u00e4r\u00e4yksist\u00e4. Jos haluat sulkea testamentilla ainoastaan, ett\u00e4 perillisten puolisoilla ei ole avio-oikeutta perittyyn omaisuuteen, j\u00e4t\u00e4 t\u00e4m\u00e4 tyhj\u00e4ksi ja rastita alla oleva vaihtoehto. \" ><\/textarea><\/div><div id=\"wpforms-896-field_20-container\" class=\"wpforms-field wpforms-field-checkbox\" data-field-id=\"20\"><label class=\"wpforms-field-label\">Edunsaajan puolison avio-oikeus<\/label><ul id=\"wpforms-896-field_20\"><li class=\"choice-1 depth-1\"><input type=\"checkbox\" id=\"wpforms-896-field_20_1\" name=\"wpforms[fields][20][]\" value=\"Peritt\u00e4v\u00e4n aviopuolisoilla ei ole avio-oikeutta peritt\u00e4v\u00e4\u00e4n omaisuuteen\"  ><label class=\"wpforms-field-label-inline\" for=\"wpforms-896-field_20_1\">Peritt\u00e4v\u00e4n aviopuolisoilla ei ole avio-oikeutta peritt\u00e4v\u00e4\u00e4n omaisuuteen<\/label><\/li><\/ul><\/div><div id=\"wpforms-896-field_21-container\" class=\"wpforms-field wpforms-field-radio\" data-field-id=\"21\"><label class=\"wpforms-field-label\">Toimeenpanijam\u00e4\u00e4r\u00e4ys<\/label><ul id=\"wpforms-896-field_21\"><li class=\"choice-1 depth-1 wpforms-selected\"><input type=\"radio\" id=\"wpforms-896-field_21_1\" name=\"wpforms[fields][21]\" value=\"Toimeenpanijam\u00e4\u00e4r\u00e4yksell\u00e4\"   checked='checked'><label class=\"wpforms-field-label-inline\" for=\"wpforms-896-field_21_1\">Toimeenpanijam\u00e4\u00e4r\u00e4yksell\u00e4<\/label><\/li><li class=\"choice-2 depth-1\"><input type=\"radio\" id=\"wpforms-896-field_21_2\" name=\"wpforms[fields][21]\" value=\"Ei toimeenpanijam\u00e4\u00e4r\u00e4yst\u00e4\"  ><label class=\"wpforms-field-label-inline\" for=\"wpforms-896-field_21_2\">Ei toimeenpanijam\u00e4\u00e4r\u00e4yst\u00e4<\/label><\/li><\/ul><div class=\"wpforms-field-description\">Valitsemalla 'Toimeenpanijam\u00e4\u00e4r\u00e4yksell\u00e4' varmistat, ett\u00e4 testamentti tulee asianmukaisesti t\u00e4yt\u00e4nt\u00f6\u00f6npantavaksi asiamiehen toimesta.<\/div><\/div><div id=\"wpforms-896-field_22-container\" class=\"wpforms-field wpforms-field-divider\" data-field-id=\"22\"><h3 id=\"wpforms-896-field_22\">Yhteyshenkil\u00f6n tiedot (nimi ja joko s\u00e4hk\u00f6posti, puhelin tai osoite v\u00e4ltt\u00e4m\u00e4tt\u00f6m\u00e4t)<\/h3><\/div><div id=\"wpforms-896-field_23-container\" class=\"wpforms-field wpforms-field-text\" data-field-id=\"23\"><label class=\"wpforms-field-label wpforms-label-hide\" for=\"wpforms-896-field_23\">Yhteyshenkil\u00f6n nimi <span class=\"wpforms-required-label\">*<\/span><\/label><input type=\"text\" id=\"wpforms-896-field_23\" class=\"wpforms-field-medium wpforms-field-required\" name=\"wpforms[fields][23]\" placeholder=\"Nimi\" required><\/div><div id=\"wpforms-896-field_24-container\" class=\"wpforms-field wpforms-field-text\" data-field-id=\"24\"><label class=\"wpforms-field-label wpforms-label-hide\" for=\"wpforms-896-field_24\">S\u00e4hk\u00f6posti<\/label><input type=\"text\" id=\"wpforms-896-field_24\" class=\"wpforms-field-medium\" name=\"wpforms[fields][24]\" placeholder=\"S\u00e4hk\u00f6posti\" ><\/div><div id=\"wpforms-896-field_25-container\" class=\"wpforms-field wpforms-field-text\" data-field-id=\"25\"><label class=\"wpforms-field-label wpforms-label-hide\" for=\"wpforms-896-field_25\">Puhelin<\/label><input type=\"text\" id=\"wpforms-896-field_25\" class=\"wpforms-field-medium\" name=\"wpforms[fields][25]\" placeholder=\"Puhelin\" ><\/div><div id=\"wpforms-896-field_26-container\" class=\"wpforms-field wpforms-field-text\" data-field-id=\"26\"><label class=\"wpforms-field-label wpforms-label-hide\" for=\"wpforms-896-field_26\">Katuosoite<\/label><input type=\"text\" id=\"wpforms-896-field_26\" class=\"wpforms-field-medium\" name=\"wpforms[fields][26]\" placeholder=\"Katuosoite\" ><\/div><div id=\"wpforms-896-field_27-container\" class=\"wpforms-field wpforms-field-text\" data-field-id=\"27\"><label class=\"wpforms-field-label wpforms-label-hide\" for=\"wpforms-896-field_27\">Postinumero<\/label><input type=\"text\" id=\"wpforms-896-field_27\" class=\"wpforms-field-medium\" name=\"wpforms[fields][27]\" placeholder=\"Postinumero\" ><\/div><div id=\"wpforms-896-field_28-container\" class=\"wpforms-field wpforms-field-text\" data-field-id=\"28\"><label class=\"wpforms-field-label wpforms-label-hide\" for=\"wpforms-896-field_28\">Kaupunki<\/label><input type=\"text\" id=\"wpforms-896-field_28\" class=\"wpforms-field-medium\" name=\"wpforms[fields][28]\" placeholder=\"Kaupunki\" ><\/div><\/div><!-- .wpforms-field-container --><div class=\"wpforms-submit-container\" ><input type=\"hidden\" name=\"wpforms[id]\" value=\"896\"><input type=\"hidden\" name=\"page_title\" value=\"\"><input type=\"hidden\" name=\"page_url\" value=\"https:\/\/innolex.fi\/index.php?rest_route=\/wp\/v2\/pages\/1680\"><input type=\"hidden\" name=\"url_referer\" value=\"\"><button type=\"submit\" name=\"wpforms[submit]\" id=\"wpforms-submit-896\" class=\"wpforms-submit\" data-alt-text=\"Sending...\" data-submit-text=\"Submit\" aria-live=\"assertive\" value=\"wpforms-submit\">Submit<\/button><\/div><\/form><\/div>  <!-- .wpforms-container -->[\/vc_column][\/vc_row][vc_row full_width=&#8221;stretch_row_content_no_spaces&#8221; disable_element=&#8221;yes&#8221; css=&#8221;.vc_custom_1604783923636{margin-bottom: 0px !important;border-bottom-width: 1px !important;border-bottom-color: #eeeeee !important;border-bottom-style: solid !important;}&#8221;][vc_column][\/vc_column][\/vc_row][vc_row disable_element=&#8221;yes&#8221; css=&#8221;.vc_custom_1604783673210{margin-bottom: 0px !important;padding-top: 70px !important;padding-bottom: 40px !important;}&#8221;][vc_column width=&#8221;1\/2&#8243; css=&#8221;.vc_custom_1495531371222{margin-bottom: 30px !important;padding-top: 0px !important;}&#8221;][vc_custom_heading text=&#8221;OUR HISTORY&#8221; font_container=&#8221;tag:h2|font_size:30|text_align:center|color:%23333333&#8243; use_theme_fonts=&#8221;yes&#8221; el_class=&#8221;heading_center&#8221;][thememove_history date=&#8221;MAR 18, 2010&#8243; text=&#8221;Lawyers Attorneys Opening&#8221;][thememove_history date=&#8221;DEC 18, 2013&#8243; text=&#8221;We became the best company of the year&#8221;][thememove_history date=&#8221;JUN 23, 2015&#8243; text=&#8221;Opening of new office&#8221;][thememove_history date=&#8221;MAR 18, 2010&#8243; text=&#8221;Clients succes determines&#8221;][\/vc_column][vc_column width=&#8221;1\/2&#8243; css=&#8221;.vc_custom_1495531378209{margin-bottom: 30px !important;padding-top: 0px !important;}&#8221;][vc_custom_heading text=&#8221;OUR STATISTIC&#8221; font_container=&#8221;tag:h2|font_size:30|text_align:center|color:%23333333&#8243; use_theme_fonts=&#8221;yes&#8221; el_class=&#8221;heading_center&#8221;][thememove_skill name=&#8221;Development&#8221; value=&#8221;90&#8243; bg=&#8221;#f9f5f0&#8243; bar=&#8221;#c8a472&#8243;][thememove_skill name=&#8221;Banking &amp; Financial&#8221; value=&#8221;100&#8243; bg=&#8221;#f9f5f0&#8243; bar=&#8221;#c8a472&#8243;][thememove_skill name=&#8221;Family Law&#8221; value=&#8221;75&#8243; bg=&#8221;#f9f5f0&#8243; bar=&#8221;#c8a472&#8243;][thememove_skill name=&#8221;Real Estate&#8221; value=&#8221;100&#8243; bg=&#8221;#f9f5f0&#8243; bar=&#8221;#c8a472&#8243;][thememove_skill name=&#8221;Marketing&#8221; value=&#8221;80&#8243; bg=&#8221;#f9f5f0&#8243; bar=&#8221;#c8a472&#8243;][thememove_skill name=&#8221;Sale&#8221; value=&#8221;100&#8243; bg=&#8221;#f9f5f0&#8243; bar=&#8221;#c8a472&#8243;][\/vc_column][\/vc_row][vc_row full_width=&#8221;stretch_row&#8221; disable_element=&#8221;yes&#8221; css=&#8221;.vc_custom_1604783762084{margin-top: 0px !important;margin-bottom: 0px !important;border-top-width: 1px !important;padding-top: 70px !important;padding-bottom: 40px !important;border-top-color: #eeeeee !important;border-top-style: solid !important;}&#8221;][vc_column css=&#8221;.vc_custom_1495531498461{padding-top: 0px !important;}&#8221;][vc_custom_heading text=&#8221;OUR EXCELLENT ATTORNEYS&#8221; font_container=&#8221;tag:h2|font_size:30|text_align:center&#8221; use_theme_fonts=&#8221;yes&#8221; el_class=&#8221;heading_center&#8221;][vc_row_inner][vc_column_inner width=&#8221;1\/3&#8243; css=&#8221;.vc_custom_1495531392406{margin-bottom: 30px !important;padding-top: 0px !important;}&#8221;][thememove_ourteam photo=&#8221;253&#8243; name=&#8221;Kellan Dust&#8221; byline=&#8221;BANK &amp; FINANCIAL LAWYER&#8221; tmlawyer_desc=&#8221;Biography Cras justo odio, dapibus ac facilisis in, egestas eget quam. Praesent commodo cursus magna.&#8221; profile=&#8221;\/single-attorney&#8221;][\/vc_column_inner][vc_column_inner width=&#8221;1\/3&#8243; css=&#8221;.vc_custom_1495531401405{margin-bottom: 30px !important;padding-top: 0px !important;}&#8221;][thememove_ourteam photo=&#8221;256&#8243; name=&#8221;Laura Griffin&#8221; byline=&#8221;BANK &amp; FINANCIAL LAWYER&#8221; tmlawyer_desc=&#8221;Biography Cras justo odio, dapibus ac facilisis in, egestas eget quam. Praesent commodo cursus magna.&#8221; profile=&#8221;\/single-attorney&#8221;][\/vc_column_inner][vc_column_inner width=&#8221;1\/3&#8243; css=&#8221;.vc_custom_1495531410147{margin-bottom: 30px !important;padding-top: 0px !important;}&#8221;][thememove_ourteam photo=&#8221;257&#8243; name=&#8221;Joseph Steward&#8221; byline=&#8221;BANK &amp; FINANCIAL LAWYER&#8221; tmlawyer_desc=&#8221;Biography Cras justo odio, dapibus ac facilisis in, egestas eget quam. Praesent commodo cursus magna.&#8221; profile=&#8221;\/single-attorney&#8221;][\/vc_column_inner][\/vc_row_inner][\/vc_column][\/vc_row][vc_row full_width=&#8221;stretch_row&#8221; disable_element=&#8221;yes&#8221; css=&#8221;.vc_custom_1604783869140{margin-top: 0px !important;margin-bottom: 0px !important;padding-top: 50px !important;padding-bottom: 20px !important;background-color: #f9f5f0 !important;}&#8221; el_class=&#8221;tmlawyer_counters&#8221;][vc_column width=&#8221;1\/4&#8243; css=&#8221;.vc_custom_1495531424603{margin-bottom: 30px !important;padding-top: 0px !important;}&#8221;][vc_icon icon_fontawesome=&#8221;fa fa-users&#8221; color=&#8221;custom&#8221; background_style=&#8221;boxed-outline&#8221; background_color=&#8221;white&#8221; align=&#8221;center&#8221; custom_color=&#8221;#c8a472&#8243; el_class=&#8221;tmlawyer_icon_1&#8243;][vc_column_text el_class=&#8221;tmlawyer_counter text-poppins&#8221;]<span class=\"counter\">123000<\/span>+[\/vc_column_text][vc_custom_heading text=&#8221;TRUSTED CLIENTS&#8221; font_container=&#8221;tag:div|font_size:13|text_align:center|color:%23666666&#8243; use_theme_fonts=&#8221;yes&#8221; tm_text_transform=&#8221;uppercase&#8221; el_class=&#8221;text-poppins&#8221;][\/vc_column][vc_column width=&#8221;1\/4&#8243; css=&#8221;.vc_custom_1495531429711{margin-bottom: 30px !important;padding-top: 0px !important;}&#8221;][vc_icon icon_fontawesome=&#8221;fa fa-money&#8221; color=&#8221;custom&#8221; background_style=&#8221;boxed-outline&#8221; background_color=&#8221;white&#8221; align=&#8221;center&#8221; custom_color=&#8221;#c8a472&#8243; el_class=&#8221;tmlawyer_icon_1&#8243;][vc_column_text el_class=&#8221;tmlawyer_counter text-poppins&#8221;]$<span class=\"counter\">5000<\/span>k[\/vc_column_text][vc_custom_heading text=&#8221;MONEY PAID&#8221; font_container=&#8221;tag:div|font_size:13|text_align:center|color:%23666666&#8243; use_theme_fonts=&#8221;yes&#8221; tm_text_transform=&#8221;uppercase&#8221; el_class=&#8221;text-poppins&#8221;][\/vc_column][vc_column width=&#8221;1\/4&#8243; css=&#8221;.vc_custom_1495531433918{margin-bottom: 30px !important;padding-top: 0px !important;}&#8221;][vc_icon icon_fontawesome=&#8221;fa fa-university&#8221; color=&#8221;custom&#8221; background_style=&#8221;boxed-outline&#8221; background_color=&#8221;white&#8221; align=&#8221;center&#8221; custom_color=&#8221;#c8a472&#8243; el_class=&#8221;tmlawyer_icon_1&#8243;][vc_column_text el_class=&#8221;tmlawyer_counter text-poppins&#8221;]<span class=\"counter\">98<\/span>%[\/vc_column_text][vc_custom_heading text=&#8221;SUCCESSFUL CASE&#8221; font_container=&#8221;tag:div|font_size:13|text_align:center|color:%23666666&#8243; use_theme_fonts=&#8221;yes&#8221; tm_text_transform=&#8221;uppercase&#8221; el_class=&#8221;text-poppins&#8221;][\/vc_column][vc_column width=&#8221;1\/4&#8243; css=&#8221;.vc_custom_1495531437754{margin-bottom: 30px !important;padding-top: 0px !important;}&#8221;][vc_icon icon_fontawesome=&#8221;fa fa-lock&#8221; color=&#8221;custom&#8221; background_style=&#8221;boxed-outline&#8221; background_color=&#8221;white&#8221; align=&#8221;center&#8221; custom_color=&#8221;#c8a472&#8243; el_class=&#8221;tmlawyer_icon_1&#8243;][vc_column_text el_class=&#8221;tmlawyer_counter text-poppins&#8221;]<span class=\"counter\">52170<\/span>[\/vc_column_text][vc_custom_heading text=&#8221;CASE CLOSED&#8221; font_container=&#8221;tag:div|font_size:13|text_align:center|color:%23666666&#8243; use_theme_fonts=&#8221;yes&#8221; tm_text_transform=&#8221;uppercase&#8221; el_class=&#8221;text-poppins&#8221;][\/vc_column][\/vc_row]<\/p>\n","protected":false},"excerpt":{"rendered":"<p>[vc_row content_placement=&#8221;top&#8221; css=&#8221;.vc_custom_1604779654733{margin-bottom: 0px !important;padding-top: 70px !important;padding-bottom: 40px !important;}&#8221;][vc_column width=&#8221;1\/4&#8243; css=&#8221;.vc_custom_1495531357677{margin-bottom: 30px !important;padding-top: 0px !important;}&#8221;][vc_single_image image=&#8221;1706&#8243; img_size=&#8221;large&#8221; alignment=&#8221;center&#8221; css_animation=&#8221;bottom-to-top&#8221;][\/vc_column][vc_column width=&#8221;3\/4&#8243; css=&#8221;.vc_custom_1495531351567{margin-bottom: 30px !important;padding-top: 0px !important;}&#8221;][vc_custom_heading text=&#8221;TESTAMENTTI&#8221; font_container=&#8221;tag:h3|font_size:30|text_align:left&#8221; use_theme_fonts=&#8221;yes&#8221; tm_font_weight=&#8221;&#8221; el_class=&#8221;heading_left&#8221;][vc_column_text]Testamentilla m\u00e4\u00e4r\u00e4t\u00e4\u00e4n normaalisti, miten omaisuus on kuoleman j\u00e4lkeen jaettava. Testamenttausvapautta saattaa rajoittaa esimerkiksi rintaperillisen oikeus lakiosaan.\u00a0Testamentti on m\u00e4\u00e4r\u00e4muotoinen oikeustoimi siten, ett\u00e4 testamentti tulee omak\u00e4tisesti allekirjoittaa kahden [&hellip;]<\/p>\n","protected":false},"author":2,"featured_media":1706,"parent":1678,"menu_order":0,"comment_status":"closed","ping_status":"closed","template":"","meta":{"footnotes":""},"class_list":["post-1680","page","type-page","status-publish","has-post-thumbnail","hentry"],"_links":{"self":[{"href":"https:\/\/innolex.fi\/index.php?rest_route=\/wp\/v2\/pages\/1680","targetHints":{"allow":["GET"]}}],"collection":[{"href":"https:\/\/innolex.fi\/index.php?rest_route=\/wp\/v2\/pages"}],"about":[{"href":"https:\/\/innolex.fi\/index.php?rest_route=\/wp\/v2\/types\/page"}],"author":[{"embeddable":true,"href":"https:\/\/innolex.fi\/index.php?rest_route=\/wp\/v2\/users\/2"}],"replies":[{"embeddable":true,"href":"https:\/\/innolex.fi\/index.php?rest_route=%2Fwp%2Fv2%2Fcomments&post=1680"}],"version-history":[{"count":12,"href":"https:\/\/innolex.fi\/index.php?rest_route=\/wp\/v2\/pages\/1680\/revisions"}],"predecessor-version":[{"id":2006,"href":"https:\/\/innolex.fi\/index.php?rest_route=\/wp\/v2\/pages\/1680\/revisions\/2006"}],"up":[{"embeddable":true,"href":"https:\/\/innolex.fi\/index.php?rest_route=\/wp\/v2\/pages\/1678"}],"wp:featuredmedia":[{"embeddable":true,"href":"https:\/\/innolex.fi\/index.php?rest_route=\/wp\/v2\/media\/1706"}],"wp:attachment":[{"href":"https:\/\/innolex.fi\/index.php?rest_route=%2Fwp%2Fv2%2Fmedia&parent=1680"}],"curies":[{"name":"wp","href":"https:\/\/api.w.org\/{rel}","templated":true}]}}