{"id":1682,"date":"2020-11-08T23:12:19","date_gmt":"2020-11-08T21:12:19","guid":{"rendered":"https:\/\/innolex.fi\/?page_id=1682"},"modified":"2020-11-22T21:19:19","modified_gmt":"2020-11-22T19:19:19","slug":"keskinainen-testamentti","status":"publish","type":"page","link":"https:\/\/innolex.fi\/?page_id=1682","title":{"rendered":"Keskin\u00e4inen testamentti"},"content":{"rendered":"<p>[vc_row content_placement=&#8221;top&#8221; css=&#8221;.vc_custom_1604779654733{margin-bottom: 0px !important;padding-top: 70px !important;padding-bottom: 40px !important;}&#8221;][vc_column width=&#8221;1\/4&#8243; css=&#8221;.vc_custom_1495531357677{margin-bottom: 30px !important;padding-top: 0px !important;}&#8221;][vc_single_image image=&#8221;1706&#8243; img_size=&#8221;large&#8221; alignment=&#8221;center&#8221; css_animation=&#8221;bottom-to-top&#8221;][\/vc_column][vc_column width=&#8221;3\/4&#8243; css=&#8221;.vc_custom_1495531351567{margin-bottom: 30px !important;padding-top: 0px !important;}&#8221;][vc_custom_heading text=&#8221;KESKIN\u00c4INEN TESTAMENTTI&#8221; font_container=&#8221;tag:h3|font_size:30|text_align:left&#8221; use_theme_fonts=&#8221;yes&#8221; tm_font_weight=&#8221;&#8221; el_class=&#8221;heading_left&#8221;][vc_column_text]Testamentilla m\u00e4\u00e4r\u00e4t\u00e4\u00e4n normaalisti, miten omaisuus on kuoleman j\u00e4lkeen jaettava. Testamenttausvapautta saattaa rajoittaa esimerkiksi rintaperillisen oikeus lakiosaan.\u00a0Testamentti on m\u00e4\u00e4r\u00e4muotoinen oikeustoimi siten, ett\u00e4 testamentti tulee omak\u00e4tisesti allekirjoittaa kahden esteett\u00f6m\u00e4n todistajan ollessa yht\u00e4aikaisesti l\u00e4sn\u00e4.<\/p>\n<p>Keskin\u00e4inen testamentti sis\u00e4lt\u00e4\u00e4 nimens\u00e4 mukaisesti kahden testamentin tekij\u00e4n tahdon. Niin sanottu &#8217;perinteinen&#8217; keskin\u00e4inen hallintaoikeustestamentti m\u00e4\u00e4r\u00e4\u00e4, ett\u00e4 j\u00e4lkeen j\u00e4\u00e4nyt puoliso saa kaiken ensiksi kuolleen omaisuuden hallintaansa omaan kuolemaansa saakka, jonka j\u00e4lkeen koko perint\u00f6 jaetaan nomaalisti perillisten kesken. My\u00f6s keskin\u00e4isess\u00e4 hallintaoikeustestamentissa voi olla muita testamenttim\u00e4\u00e4r\u00e4yksi\u00e4 esimerkiksi sen varalta, miten omaisuus on jaettava kummankin osapuolen kuoleman j\u00e4lkeen. Jos haluatte tehd\u00e4 ainoastaan perinteisen keskin\u00e4isen hallintaoikeustestamentin, j\u00e4tt\u00e4k\u00e4\u00e4 &#8217;testamenttim\u00e4\u00e4r\u00e4ys&#8217; -kohta tyhj\u00e4ksi ja rastittakaa t\u00e4t\u00e4 koskeva kohta lomakkeesta.<\/p>\n<p>Testamentilla voidaan my\u00f6s m\u00e4\u00e4r\u00e4t\u00e4, ettei perillisten nykyisill\u00e4 eik\u00e4 tulevilla puolisoilla ole avio-oikeutta peritt\u00e4v\u00e4\u00e4 omaisuuteen. Jos haluatte ottaa t\u00e4t\u00e4 koskevan m\u00e4\u00e4r\u00e4yksen, niin rastittakaa t\u00e4t\u00e4 koskeva kohta lomakkeesta.<\/p>\n<p>Testamentin toimeenpanija huolehtii siit\u00e4, ett\u00e4 testamentti aikanaan saatetaan asianmukaisesti t\u00e4yt\u00e4nt\u00f6\u00f6n. Testamentin toimeenpanija valitaan my\u00f6s oletusarvoisesti tarvittaessa kuolinpes\u00e4n selvitt\u00e4j\u00e4ksi- ja jakajaksi. Mik\u00e4li haluatte testamenttiin toimeenpanijaa koskevan m\u00e4\u00e4r\u00e4yksen, niin rastittakaa t\u00e4t\u00e4 koskeva kohta lomakkeesta.<\/p>\n<p>Testamentti voidaan allekirjoittaa ja todistaa toimistollamme Isossa Omenassa. K\u00e4ymme lis\u00e4ksi viel\u00e4 aina varsinaisen testamentin testamenttim\u00e4\u00e4r\u00e4yksineen yhdess\u00e4 l\u00e4pi ennen allekirjoittamista.<\/p>\n<p>T\u00e4ytt\u00e4k\u00e4\u00e4 ja l\u00e4hett\u00e4k\u00e4\u00e4 alla oleva testamenttilomake, niin luonnostelemme varsinaisen testamentin ja l\u00e4het\u00e4mme luonnoksen teille kommentoitavaksi. T\u00e4m\u00e4n j\u00e4lkeen voimme viel\u00e4 k\u00e4yd\u00e4 testamentin yhdess\u00e4 l\u00e4pi sek\u00e4 allekirjoittaa ja todistaa testamentin oikeaksi t\u00e4\u00e4ll\u00e4 meid\u00e4n toimistollamme.[\/vc_column_text]<div class=\"wpforms-container wpforms-container-full\" id=\"wpforms-897\"><form id=\"wpforms-form-897\" class=\"wpforms-validate wpforms-form\" data-formid=\"897\" method=\"post\" enctype=\"multipart\/form-data\" action=\"\/index.php?rest_route=%2Fwp%2Fv2%2Fpages%2F1682\" data-token=\"ab79c10ab48373e0ca7c6bce8b9c07a6\" data-token-time=\"1778262507\"><noscript class=\"wpforms-error-noscript\">Please enable JavaScript in your browser to complete this form.<\/noscript><div class=\"wpforms-field-container\"><div id=\"wpforms-897-field_15-container\" class=\"wpforms-field wpforms-field-text\" data-field-id=\"15\"><label class=\"wpforms-field-label\" for=\"wpforms-897-field_15\">1. Testamentin tekij\u00e4n nimi <span class=\"wpforms-required-label\">*<\/span><\/label><input type=\"text\" id=\"wpforms-897-field_15\" class=\"wpforms-field-medium wpforms-field-required\" name=\"wpforms[fields][15]\" required><\/div><div id=\"wpforms-897-field_16-container\" class=\"wpforms-field wpforms-field-text\" data-field-id=\"16\"><label class=\"wpforms-field-label\" for=\"wpforms-897-field_16\">Katuosoite <span class=\"wpforms-required-label\">*<\/span><\/label><input type=\"text\" id=\"wpforms-897-field_16\" class=\"wpforms-field-medium wpforms-field-required\" name=\"wpforms[fields][16]\" required><\/div><div id=\"wpforms-897-field_17-container\" class=\"wpforms-field wpforms-field-text\" data-field-id=\"17\"><label class=\"wpforms-field-label\" for=\"wpforms-897-field_17\">Postinumero <span class=\"wpforms-required-label\">*<\/span><\/label><input type=\"text\" id=\"wpforms-897-field_17\" class=\"wpforms-field-small wpforms-field-required wpforms-limit-characters-enabled\" data-form-id=\"897\" data-field-id=\"17\" data-text-limit=\"6\" name=\"wpforms[fields][17]\" maxlength=\"6\" required><\/div><div id=\"wpforms-897-field_19-container\" class=\"wpforms-field wpforms-field-text\" data-field-id=\"19\"><label class=\"wpforms-field-label\" for=\"wpforms-897-field_19\">Kaupunki <span class=\"wpforms-required-label\">*<\/span><\/label><input type=\"text\" id=\"wpforms-897-field_19\" class=\"wpforms-field-small wpforms-field-required\" name=\"wpforms[fields][19]\" required><\/div><div id=\"wpforms-897-field_21-container\" class=\"wpforms-field wpforms-field-text\" data-field-id=\"21\"><label class=\"wpforms-field-label\" for=\"wpforms-897-field_21\">2. Testamentin tekij\u00e4n nimi <span class=\"wpforms-required-label\">*<\/span><\/label><input type=\"text\" id=\"wpforms-897-field_21\" class=\"wpforms-field-medium wpforms-field-required\" name=\"wpforms[fields][21]\" required><\/div><div id=\"wpforms-897-field_22-container\" class=\"wpforms-field wpforms-field-text\" data-field-id=\"22\"><label class=\"wpforms-field-label\" for=\"wpforms-897-field_22\">Katuosoite <span class=\"wpforms-required-label\">*<\/span><\/label><input type=\"text\" id=\"wpforms-897-field_22\" class=\"wpforms-field-medium wpforms-field-required\" name=\"wpforms[fields][22]\" required><\/div><div id=\"wpforms-897-field_23-container\" class=\"wpforms-field wpforms-field-text\" data-field-id=\"23\"><label class=\"wpforms-field-label\" for=\"wpforms-897-field_23\">Postinumero <span class=\"wpforms-required-label\">*<\/span><\/label><input type=\"text\" id=\"wpforms-897-field_23\" class=\"wpforms-field-small wpforms-field-required wpforms-limit-characters-enabled\" data-form-id=\"897\" data-field-id=\"23\" data-text-limit=\"6\" name=\"wpforms[fields][23]\" maxlength=\"6\" required><\/div><div id=\"wpforms-897-field_24-container\" class=\"wpforms-field wpforms-field-text\" data-field-id=\"24\"><label class=\"wpforms-field-label\" for=\"wpforms-897-field_24\">Kaupunki <span class=\"wpforms-required-label\">*<\/span><\/label><input type=\"text\" id=\"wpforms-897-field_24\" class=\"wpforms-field-small wpforms-field-required\" name=\"wpforms[fields][24]\" required><\/div><div id=\"wpforms-897-field_13-container\" class=\"wpforms-field wpforms-field-textarea\" data-field-id=\"13\"><label class=\"wpforms-field-label\" for=\"wpforms-897-field_13\">Testamenttim\u00e4\u00e4r\u00e4ys<\/label><textarea id=\"wpforms-897-field_13\" class=\"wpforms-field-medium\" name=\"wpforms[fields][13]\" placeholder=\"Vapaamuotoinen selostus testamenttim\u00e4\u00e4r\u00e4yksist\u00e4. Jos haluatte tehd\u00e4 ainoastaan &#039;perinteisen&#039; keskin\u00e4isen hallintaoikeustestamentin, niin j\u00e4tt\u00e4k\u00e4\u00e4 t\u00e4m\u00e4 tyhj\u00e4ksi ja rastittakaa alla oleva vaihtoehto. K\u00e4ymme t\u00e4m\u00e4n viel\u00e4 yhdess\u00e4 tarkemmin l\u00e4pi.\" ><\/textarea><\/div><div id=\"wpforms-897-field_20-container\" class=\"wpforms-field wpforms-field-checkbox\" data-field-id=\"20\"><label class=\"wpforms-field-label\">&#039;Perinteinen&#039; keskin\u00e4inen hallintaoikeustaestamentti<\/label><ul id=\"wpforms-897-field_20\"><li class=\"choice-1 depth-1\"><input type=\"checkbox\" id=\"wpforms-897-field_20_1\" name=\"wpforms[fields][20][]\" value=\"J\u00e4lkeen j\u00e4\u00e4nyt saa perint\u00f6kaaren 12 luvun mukaisen k\u00e4ytt\u00f6oikeuden kaikkeen ensiksi kuolleen omaisuuteen\"  ><label class=\"wpforms-field-label-inline\" for=\"wpforms-897-field_20_1\">J\u00e4lkeen j\u00e4\u00e4nyt saa perint\u00f6kaaren 12 luvun mukaisen k\u00e4ytt\u00f6oikeuden kaikkeen ensiksi kuolleen omaisuuteen<\/label><\/li><\/ul><\/div><div id=\"wpforms-897-field_25-container\" class=\"wpforms-field wpforms-field-checkbox\" data-field-id=\"25\"><label class=\"wpforms-field-label\">Koskien my\u00f6hemmin edunsaajan puolison avio-oikeutta<\/label><ul id=\"wpforms-897-field_25\"><li class=\"choice-1 depth-1\"><input type=\"checkbox\" id=\"wpforms-897-field_25_1\" name=\"wpforms[fields][25][]\" value=\"Peritt\u00e4v\u00e4n aviopuolisoilla ei ole avio-oikeutta peritt\u00e4v\u00e4\u00e4n omaisuuteen\"  ><label class=\"wpforms-field-label-inline\" for=\"wpforms-897-field_25_1\">Peritt\u00e4v\u00e4n aviopuolisoilla ei ole avio-oikeutta peritt\u00e4v\u00e4\u00e4n omaisuuteen<\/label><\/li><\/ul><\/div><div id=\"wpforms-897-field_26-container\" class=\"wpforms-field wpforms-field-radio\" data-field-id=\"26\"><label class=\"wpforms-field-label\">Toimeenpanijam\u00e4\u00e4r\u00e4ys<\/label><ul id=\"wpforms-897-field_26\"><li class=\"choice-1 depth-1 wpforms-selected\"><input type=\"radio\" id=\"wpforms-897-field_26_1\" name=\"wpforms[fields][26]\" value=\"Toimeenpanijam\u00e4\u00e4r\u00e4yksell\u00e4\"   checked='checked'><label class=\"wpforms-field-label-inline\" for=\"wpforms-897-field_26_1\">Toimeenpanijam\u00e4\u00e4r\u00e4yksell\u00e4<\/label><\/li><li class=\"choice-2 depth-1\"><input type=\"radio\" id=\"wpforms-897-field_26_2\" name=\"wpforms[fields][26]\" value=\"Ei toimeenpanijam\u00e4\u00e4r\u00e4yst\u00e4\"  ><label class=\"wpforms-field-label-inline\" for=\"wpforms-897-field_26_2\">Ei toimeenpanijam\u00e4\u00e4r\u00e4yst\u00e4<\/label><\/li><\/ul><div class=\"wpforms-field-description\">Valitsemalla 'Toimeenpanijam\u00e4\u00e4r\u00e4yksell\u00e4' varmistat, ett\u00e4 testamentti tulee asianmukaisesti t\u00e4yt\u00e4nt\u00f6\u00f6npantavaksi asiamiehen toimesta.<\/div><\/div><div id=\"wpforms-897-field_27-container\" class=\"wpforms-field wpforms-field-divider\" data-field-id=\"27\"><h3 id=\"wpforms-897-field_27\">Yhteyshenkil\u00f6n tiedot (nimi ja joko s\u00e4hk\u00f6posti, puhelin tai osoite v\u00e4ltt\u00e4m\u00e4tt\u00f6m\u00e4t)<\/h3><\/div><div id=\"wpforms-897-field_28-container\" class=\"wpforms-field wpforms-field-text\" data-field-id=\"28\"><label class=\"wpforms-field-label wpforms-label-hide\" for=\"wpforms-897-field_28\">Yhteyshenkil\u00f6n nimi <span class=\"wpforms-required-label\">*<\/span><\/label><input type=\"text\" id=\"wpforms-897-field_28\" class=\"wpforms-field-medium wpforms-field-required\" name=\"wpforms[fields][28]\" placeholder=\"Nimi\" required><\/div><div id=\"wpforms-897-field_29-container\" class=\"wpforms-field wpforms-field-text\" data-field-id=\"29\"><label class=\"wpforms-field-label wpforms-label-hide\" for=\"wpforms-897-field_29\">S\u00e4hk\u00f6posti<\/label><input type=\"text\" id=\"wpforms-897-field_29\" class=\"wpforms-field-medium\" name=\"wpforms[fields][29]\" placeholder=\"S\u00e4hk\u00f6posti\" ><\/div><div id=\"wpforms-897-field_30-container\" class=\"wpforms-field wpforms-field-text\" data-field-id=\"30\"><label class=\"wpforms-field-label wpforms-label-hide\" for=\"wpforms-897-field_30\">Puhelin<\/label><input type=\"text\" id=\"wpforms-897-field_30\" class=\"wpforms-field-medium\" name=\"wpforms[fields][30]\" placeholder=\"Puhelin\" ><\/div><div id=\"wpforms-897-field_31-container\" class=\"wpforms-field wpforms-field-text\" data-field-id=\"31\"><label class=\"wpforms-field-label wpforms-label-hide\" for=\"wpforms-897-field_31\">Katuosoite<\/label><input type=\"text\" id=\"wpforms-897-field_31\" class=\"wpforms-field-medium\" name=\"wpforms[fields][31]\" placeholder=\"Katuosoite\" ><\/div><div id=\"wpforms-897-field_32-container\" class=\"wpforms-field wpforms-field-text\" data-field-id=\"32\"><label class=\"wpforms-field-label wpforms-label-hide\" for=\"wpforms-897-field_32\">Postinumero<\/label><input type=\"text\" id=\"wpforms-897-field_32\" class=\"wpforms-field-medium\" name=\"wpforms[fields][32]\" placeholder=\"Postinumero\" ><\/div><div id=\"wpforms-897-field_33-container\" class=\"wpforms-field wpforms-field-text\" data-field-id=\"33\"><label class=\"wpforms-field-label wpforms-label-hide\" for=\"wpforms-897-field_33\">Kaupunki<\/label><input type=\"text\" id=\"wpforms-897-field_33\" class=\"wpforms-field-medium\" name=\"wpforms[fields][33]\" placeholder=\"Kaupunki\" ><\/div><\/div><!-- .wpforms-field-container --><div class=\"wpforms-submit-container\" ><input type=\"hidden\" name=\"wpforms[id]\" value=\"897\"><input type=\"hidden\" name=\"page_title\" value=\"\"><input type=\"hidden\" name=\"page_url\" value=\"https:\/\/innolex.fi\/index.php?rest_route=\/wp\/v2\/pages\/1682\"><input type=\"hidden\" name=\"url_referer\" value=\"\"><button type=\"submit\" name=\"wpforms[submit]\" id=\"wpforms-submit-897\" class=\"wpforms-submit\" data-alt-text=\"L\u00e4hetet\u00e4\u00e4n...\" data-submit-text=\"L\u00e4het\u00e4\" aria-live=\"assertive\" value=\"wpforms-submit\">L\u00e4het\u00e4<\/button><\/div><\/form><\/div>  <!-- .wpforms-container -->[\/vc_column][\/vc_row]<\/p>\n","protected":false},"excerpt":{"rendered":"<p>[vc_row content_placement=&#8221;top&#8221; css=&#8221;.vc_custom_1604779654733{margin-bottom: 0px !important;padding-top: 70px !important;padding-bottom: 40px !important;}&#8221;][vc_column width=&#8221;1\/4&#8243; css=&#8221;.vc_custom_1495531357677{margin-bottom: 30px !important;padding-top: 0px !important;}&#8221;][vc_single_image image=&#8221;1706&#8243; img_size=&#8221;large&#8221; alignment=&#8221;center&#8221; css_animation=&#8221;bottom-to-top&#8221;][\/vc_column][vc_column width=&#8221;3\/4&#8243; css=&#8221;.vc_custom_1495531351567{margin-bottom: 30px !important;padding-top: 0px !important;}&#8221;][vc_custom_heading text=&#8221;KESKIN\u00c4INEN TESTAMENTTI&#8221; font_container=&#8221;tag:h3|font_size:30|text_align:left&#8221; use_theme_fonts=&#8221;yes&#8221; tm_font_weight=&#8221;&#8221; el_class=&#8221;heading_left&#8221;][vc_column_text]Testamentilla m\u00e4\u00e4r\u00e4t\u00e4\u00e4n normaalisti, miten omaisuus on kuoleman j\u00e4lkeen jaettava. Testamenttausvapautta saattaa rajoittaa esimerkiksi rintaperillisen oikeus lakiosaan.\u00a0Testamentti on m\u00e4\u00e4r\u00e4muotoinen oikeustoimi siten, ett\u00e4 testamentti tulee omak\u00e4tisesti allekirjoittaa [&hellip;]<\/p>\n","protected":false},"author":2,"featured_media":1706,"parent":1678,"menu_order":0,"comment_status":"closed","ping_status":"closed","template":"","meta":{"footnotes":""},"class_list":["post-1682","page","type-page","status-publish","has-post-thumbnail","hentry"],"_links":{"self":[{"href":"https:\/\/innolex.fi\/index.php?rest_route=\/wp\/v2\/pages\/1682","targetHints":{"allow":["GET"]}}],"collection":[{"href":"https:\/\/innolex.fi\/index.php?rest_route=\/wp\/v2\/pages"}],"about":[{"href":"https:\/\/innolex.fi\/index.php?rest_route=\/wp\/v2\/types\/page"}],"author":[{"embeddable":true,"href":"https:\/\/innolex.fi\/index.php?rest_route=\/wp\/v2\/users\/2"}],"replies":[{"embeddable":true,"href":"https:\/\/innolex.fi\/index.php?rest_route=%2Fwp%2Fv2%2Fcomments&post=1682"}],"version-history":[{"count":14,"href":"https:\/\/innolex.fi\/index.php?rest_route=\/wp\/v2\/pages\/1682\/revisions"}],"predecessor-version":[{"id":2004,"href":"https:\/\/innolex.fi\/index.php?rest_route=\/wp\/v2\/pages\/1682\/revisions\/2004"}],"up":[{"embeddable":true,"href":"https:\/\/innolex.fi\/index.php?rest_route=\/wp\/v2\/pages\/1678"}],"wp:featuredmedia":[{"embeddable":true,"href":"https:\/\/innolex.fi\/index.php?rest_route=\/wp\/v2\/media\/1706"}],"wp:attachment":[{"href":"https:\/\/innolex.fi\/index.php?rest_route=%2Fwp%2Fv2%2Fmedia&parent=1682"}],"curies":[{"name":"wp","href":"https:\/\/api.w.org\/{rel}","templated":true}]}}