{"id":1684,"date":"2020-11-08T23:13:09","date_gmt":"2020-11-08T21:13:09","guid":{"rendered":"https:\/\/innolex.fi\/?page_id=1684"},"modified":"2020-11-22T21:18:27","modified_gmt":"2020-11-22T19:18:27","slug":"avioehtosopimus","status":"publish","type":"page","link":"https:\/\/innolex.fi\/?page_id=1684","title":{"rendered":"Avioehtosopimus"},"content":{"rendered":"<p>[vc_row content_placement=&#8221;top&#8221; css=&#8221;.vc_custom_1604779654733{margin-bottom: 0px !important;padding-top: 70px !important;padding-bottom: 40px !important;}&#8221;][vc_column width=&#8221;1\/4&#8243; css=&#8221;.vc_custom_1495531357677{margin-bottom: 30px !important;padding-top: 0px !important;}&#8221;][vc_single_image image=&#8221;1707&#8243; img_size=&#8221;large&#8221; alignment=&#8221;center&#8221; css_animation=&#8221;bottom-to-top&#8221;][\/vc_column][vc_column width=&#8221;3\/4&#8243; css=&#8221;.vc_custom_1495531351567{margin-bottom: 30px !important;padding-top: 0px !important;}&#8221;][vc_custom_heading text=&#8221;AVIOEHTOSOPIMUS&#8221; font_container=&#8221;tag:h3|font_size:30|text_align:left&#8221; use_theme_fonts=&#8221;yes&#8221; tm_font_weight=&#8221;&#8221; el_class=&#8221;heading_left&#8221;][vc_column_text]Normaalisti kumpikin aviopuoliso saa avio-oikeuden toisen osapuolen omaisuuteen siin\u00e4 vaiheessa, kun puolisot menev\u00e4t avioliitton. T\u00e4m\u00e4 oikeus voidaan sulkea joko kokonaan tai osittain pois avioehtosopimuksella. Avioehtosopimukseen voidaan ottaa my\u00f6s muita m\u00e4\u00e4r\u00e4yksi\u00e4 kuten se, ett\u00e4 avioehtosopimus ei ole voimassa aviopuolison kuolemantapauksessa vaan ainoastaan, jos avioliitto p\u00e4\u00e4ttyy el\u00e4vien kesken tapahtuvaan avioeroon. Jos haluatte ottaa t\u00e4t\u00e4 koskevan m\u00e4\u00e4r\u00e4yksen, niin rastittakaa t\u00e4t\u00e4 koskeva kohta lomakkeesta.<\/p>\n<p>Avioehtosopimus tulee allekirjoittaa ja todistaa oikeaksi kahden esteett\u00f6m\u00e4n todistajan toimesta. T\u00e4m\u00e4n j\u00e4lkeen avioehtosopimus tulee rekister\u00f6id\u00e4 maistraatissa ollakseen p\u00e4tev\u00e4. Todistaminen voidaan suorittaa t\u00e4\u00e4ll\u00e4 Isossa Omenassa meid\u00e4n toimistollamme.<\/p>\n<p>T\u00e4ytt\u00e4k\u00e4\u00e4 ja l\u00e4hett\u00e4k\u00e4\u00e4 alla oleva avioehtosopimuslomake, niin luonnostelemme varsinaisen avioehtosopimuksen ja l\u00e4het\u00e4mme luonnoksen teille kommentoitavaksi. T\u00e4m\u00e4n j\u00e4lkeen voimme viel\u00e4 k\u00e4yd\u00e4 avioehtosopimuksen yhdess\u00e4 l\u00e4pi sek\u00e4 allekirjoittaa ja todistaa avioehtosopimuksen oikeaksi t\u00e4\u00e4ll\u00e4 meid\u00e4n toimistollamme.[\/vc_column_text]<div class=\"wpforms-container wpforms-container-full\" id=\"wpforms-1674\"><form id=\"wpforms-form-1674\" class=\"wpforms-validate wpforms-form\" data-formid=\"1674\" method=\"post\" enctype=\"multipart\/form-data\" action=\"\/index.php?rest_route=%2Fwp%2Fv2%2Fpages%2F1684\" data-token=\"0de7c845ff048d980c6842e1f38ce65a\" data-token-time=\"1778262496\"><noscript class=\"wpforms-error-noscript\">Please enable JavaScript in your browser to complete this form.<\/noscript><div class=\"wpforms-field-container\"><div id=\"wpforms-1674-field_15-container\" class=\"wpforms-field wpforms-field-text\" data-field-id=\"15\"><label class=\"wpforms-field-label\" for=\"wpforms-1674-field_15\">1. Tekij\u00e4n nimi <span class=\"wpforms-required-label\">*<\/span><\/label><input type=\"text\" id=\"wpforms-1674-field_15\" class=\"wpforms-field-medium wpforms-field-required\" name=\"wpforms[fields][15]\" required><\/div><div id=\"wpforms-1674-field_16-container\" class=\"wpforms-field wpforms-field-text\" data-field-id=\"16\"><label class=\"wpforms-field-label\" for=\"wpforms-1674-field_16\">Katuosoite <span class=\"wpforms-required-label\">*<\/span><\/label><input type=\"text\" id=\"wpforms-1674-field_16\" class=\"wpforms-field-medium wpforms-field-required\" name=\"wpforms[fields][16]\" required><\/div><div id=\"wpforms-1674-field_17-container\" class=\"wpforms-field wpforms-field-text\" data-field-id=\"17\"><label class=\"wpforms-field-label\" for=\"wpforms-1674-field_17\">Postinumero <span class=\"wpforms-required-label\">*<\/span><\/label><input type=\"text\" id=\"wpforms-1674-field_17\" class=\"wpforms-field-small wpforms-field-required wpforms-limit-characters-enabled\" data-form-id=\"1674\" data-field-id=\"17\" data-text-limit=\"6\" name=\"wpforms[fields][17]\" maxlength=\"6\" required><\/div><div id=\"wpforms-1674-field_19-container\" class=\"wpforms-field wpforms-field-text\" data-field-id=\"19\"><label class=\"wpforms-field-label\" for=\"wpforms-1674-field_19\">Kaupunki <span class=\"wpforms-required-label\">*<\/span><\/label><input type=\"text\" id=\"wpforms-1674-field_19\" class=\"wpforms-field-small wpforms-field-required\" name=\"wpforms[fields][19]\" required><\/div><div id=\"wpforms-1674-field_21-container\" class=\"wpforms-field wpforms-field-text\" data-field-id=\"21\"><label class=\"wpforms-field-label\" for=\"wpforms-1674-field_21\">2. Tekij\u00e4n nimi <span class=\"wpforms-required-label\">*<\/span><\/label><input type=\"text\" id=\"wpforms-1674-field_21\" class=\"wpforms-field-medium wpforms-field-required\" name=\"wpforms[fields][21]\" required><\/div><div id=\"wpforms-1674-field_22-container\" class=\"wpforms-field wpforms-field-text\" data-field-id=\"22\"><label class=\"wpforms-field-label\" for=\"wpforms-1674-field_22\">Katuosoite <span class=\"wpforms-required-label\">*<\/span><\/label><input type=\"text\" id=\"wpforms-1674-field_22\" class=\"wpforms-field-medium wpforms-field-required\" name=\"wpforms[fields][22]\" required><\/div><div id=\"wpforms-1674-field_23-container\" class=\"wpforms-field wpforms-field-text\" data-field-id=\"23\"><label class=\"wpforms-field-label\" for=\"wpforms-1674-field_23\">Postinumero <span class=\"wpforms-required-label\">*<\/span><\/label><input type=\"text\" id=\"wpforms-1674-field_23\" class=\"wpforms-field-small wpforms-field-required wpforms-limit-characters-enabled\" data-form-id=\"1674\" data-field-id=\"23\" data-text-limit=\"6\" name=\"wpforms[fields][23]\" maxlength=\"6\" required><\/div><div id=\"wpforms-1674-field_24-container\" class=\"wpforms-field wpforms-field-text\" data-field-id=\"24\"><label class=\"wpforms-field-label\" for=\"wpforms-1674-field_24\">Kaupunki <span class=\"wpforms-required-label\">*<\/span><\/label><input type=\"text\" id=\"wpforms-1674-field_24\" class=\"wpforms-field-small wpforms-field-required\" name=\"wpforms[fields][24]\" required><\/div><div id=\"wpforms-1674-field_13-container\" class=\"wpforms-field wpforms-field-textarea\" data-field-id=\"13\"><label class=\"wpforms-field-label\" for=\"wpforms-1674-field_13\">Sopimus<\/label><textarea id=\"wpforms-1674-field_13\" class=\"wpforms-field-medium\" name=\"wpforms[fields][13]\" placeholder=\"Avio-oikeuden poissulkeva sopimus. Jos haluatte rajata kaiken omaisuuden avio-oikeuden ulkopuolelle, j\u00e4tt\u00e4k\u00e4\u00e4 t\u00e4m\u00e4 tyhj\u00e4ksi ja rastittakaa alla oleva vaihtoehto.\" ><\/textarea><\/div><div id=\"wpforms-1674-field_20-container\" class=\"wpforms-field wpforms-field-checkbox\" data-field-id=\"20\"><label class=\"wpforms-field-label\">Kaiken avio-oikeuden poissulkeva sopimus<\/label><ul id=\"wpforms-1674-field_20\"><li class=\"choice-1 depth-1\"><input type=\"checkbox\" id=\"wpforms-1674-field_20_1\" name=\"wpforms[fields][20][]\" value=\"Kummallakaan meist\u00e4 ei ole avio-oikeutta toistemme nykyiseen tai tulevaan omaisuuteen, sen tuottoon, taikka sen sijaan tulleeseen omaisuuteen.\"  ><label class=\"wpforms-field-label-inline\" for=\"wpforms-1674-field_20_1\">Kummallakaan meist\u00e4 ei ole avio-oikeutta toistemme nykyiseen tai tulevaan omaisuuteen, sen tuottoon, taikka sen sijaan tulleeseen omaisuuteen.<\/label><\/li><\/ul><\/div><div id=\"wpforms-1674-field_25-container\" class=\"wpforms-field wpforms-field-checkbox\" data-field-id=\"25\"><label class=\"wpforms-field-label\">Avio-ehdon voimassaolon rajaus koskien kuolemantapausta<\/label><ul id=\"wpforms-1674-field_25\"><li class=\"choice-1 depth-1\"><input type=\"checkbox\" id=\"wpforms-1674-field_25_1\" name=\"wpforms[fields][25][]\" value=\"Avio-oikeuden poissulkeva ehto on voimassa vain, jos avioliittomme p\u00e4\u00e4ttyy el\u00e4vien kesken eroon.\"  ><label class=\"wpforms-field-label-inline\" for=\"wpforms-1674-field_25_1\">Avio-oikeuden poissulkeva ehto on voimassa vain, jos avioliittomme p\u00e4\u00e4ttyy el\u00e4vien kesken eroon.<\/label><\/li><\/ul><\/div><div id=\"wpforms-1674-field_32-container\" class=\"wpforms-field wpforms-field-divider\" data-field-id=\"32\"><h3 id=\"wpforms-1674-field_32\">Yhteyshenkil\u00f6n tiedot (nimi ja joko s\u00e4hk\u00f6posti, puhelin tai osoite v\u00e4ltt\u00e4m\u00e4tt\u00f6m\u00e4t)<\/h3><\/div><div id=\"wpforms-1674-field_26-container\" class=\"wpforms-field wpforms-field-text\" data-field-id=\"26\"><label class=\"wpforms-field-label wpforms-label-hide\" for=\"wpforms-1674-field_26\">Yhteyshenkil\u00f6n nimi <span class=\"wpforms-required-label\">*<\/span><\/label><input type=\"text\" id=\"wpforms-1674-field_26\" class=\"wpforms-field-medium wpforms-field-required\" name=\"wpforms[fields][26]\" placeholder=\"Nimi\" required><\/div><div id=\"wpforms-1674-field_27-container\" class=\"wpforms-field wpforms-field-text\" data-field-id=\"27\"><label class=\"wpforms-field-label wpforms-label-hide\" for=\"wpforms-1674-field_27\">S\u00e4hk\u00f6posti<\/label><input type=\"text\" id=\"wpforms-1674-field_27\" class=\"wpforms-field-medium\" name=\"wpforms[fields][27]\" placeholder=\"S\u00e4hk\u00f6posti\" ><\/div><div id=\"wpforms-1674-field_28-container\" class=\"wpforms-field wpforms-field-text\" data-field-id=\"28\"><label class=\"wpforms-field-label wpforms-label-hide\" for=\"wpforms-1674-field_28\">Puhelin<\/label><input type=\"text\" id=\"wpforms-1674-field_28\" class=\"wpforms-field-medium\" name=\"wpforms[fields][28]\" placeholder=\"Puhelin\" ><\/div><div id=\"wpforms-1674-field_33-container\" class=\"wpforms-field wpforms-field-text\" data-field-id=\"33\"><label class=\"wpforms-field-label wpforms-label-hide\" for=\"wpforms-1674-field_33\">Katuosoite<\/label><input type=\"text\" id=\"wpforms-1674-field_33\" class=\"wpforms-field-medium\" name=\"wpforms[fields][33]\" placeholder=\"Katuosoite\" ><\/div><div id=\"wpforms-1674-field_34-container\" class=\"wpforms-field wpforms-field-text\" data-field-id=\"34\"><label class=\"wpforms-field-label wpforms-label-hide\" for=\"wpforms-1674-field_34\">Postinumero<\/label><input type=\"text\" id=\"wpforms-1674-field_34\" class=\"wpforms-field-medium\" name=\"wpforms[fields][34]\" placeholder=\"Postinumero\" ><\/div><div id=\"wpforms-1674-field_35-container\" class=\"wpforms-field wpforms-field-text\" data-field-id=\"35\"><label class=\"wpforms-field-label wpforms-label-hide\" for=\"wpforms-1674-field_35\">Kaupunki<\/label><input type=\"text\" id=\"wpforms-1674-field_35\" class=\"wpforms-field-medium\" name=\"wpforms[fields][35]\" placeholder=\"Kaupunki\" ><\/div><\/div><!-- .wpforms-field-container --><div class=\"wpforms-submit-container\" ><input type=\"hidden\" name=\"wpforms[id]\" value=\"1674\"><input type=\"hidden\" name=\"page_title\" value=\"\"><input type=\"hidden\" name=\"page_url\" value=\"https:\/\/innolex.fi\/index.php?rest_route=\/wp\/v2\/pages\/1684\"><input type=\"hidden\" name=\"url_referer\" value=\"\"><button type=\"submit\" name=\"wpforms[submit]\" id=\"wpforms-submit-1674\" class=\"wpforms-submit\" data-alt-text=\"Sending...\" data-submit-text=\"L\u00e4het\u00e4\" aria-live=\"assertive\" value=\"wpforms-submit\">L\u00e4het\u00e4<\/button><\/div><\/form><\/div>  <!-- .wpforms-container -->[\/vc_column][\/vc_row]<\/p>\n","protected":false},"excerpt":{"rendered":"<p>[vc_row content_placement=&#8221;top&#8221; css=&#8221;.vc_custom_1604779654733{margin-bottom: 0px !important;padding-top: 70px !important;padding-bottom: 40px !important;}&#8221;][vc_column width=&#8221;1\/4&#8243; css=&#8221;.vc_custom_1495531357677{margin-bottom: 30px !important;padding-top: 0px !important;}&#8221;][vc_single_image image=&#8221;1707&#8243; img_size=&#8221;large&#8221; alignment=&#8221;center&#8221; css_animation=&#8221;bottom-to-top&#8221;][\/vc_column][vc_column width=&#8221;3\/4&#8243; css=&#8221;.vc_custom_1495531351567{margin-bottom: 30px !important;padding-top: 0px !important;}&#8221;][vc_custom_heading text=&#8221;AVIOEHTOSOPIMUS&#8221; font_container=&#8221;tag:h3|font_size:30|text_align:left&#8221; use_theme_fonts=&#8221;yes&#8221; tm_font_weight=&#8221;&#8221; el_class=&#8221;heading_left&#8221;][vc_column_text]Normaalisti kumpikin aviopuoliso saa avio-oikeuden toisen osapuolen omaisuuteen siin\u00e4 vaiheessa, kun puolisot menev\u00e4t avioliitton. T\u00e4m\u00e4 oikeus voidaan sulkea joko kokonaan tai osittain pois avioehtosopimuksella. Avioehtosopimukseen voidaan [&hellip;]<\/p>\n","protected":false},"author":2,"featured_media":1707,"parent":1678,"menu_order":0,"comment_status":"closed","ping_status":"closed","template":"","meta":{"footnotes":""},"class_list":["post-1684","page","type-page","status-publish","has-post-thumbnail","hentry"],"_links":{"self":[{"href":"https:\/\/innolex.fi\/index.php?rest_route=\/wp\/v2\/pages\/1684","targetHints":{"allow":["GET"]}}],"collection":[{"href":"https:\/\/innolex.fi\/index.php?rest_route=\/wp\/v2\/pages"}],"about":[{"href":"https:\/\/innolex.fi\/index.php?rest_route=\/wp\/v2\/types\/page"}],"author":[{"embeddable":true,"href":"https:\/\/innolex.fi\/index.php?rest_route=\/wp\/v2\/users\/2"}],"replies":[{"embeddable":true,"href":"https:\/\/innolex.fi\/index.php?rest_route=%2Fwp%2Fv2%2Fcomments&post=1684"}],"version-history":[{"count":18,"href":"https:\/\/innolex.fi\/index.php?rest_route=\/wp\/v2\/pages\/1684\/revisions"}],"predecessor-version":[{"id":2003,"href":"https:\/\/innolex.fi\/index.php?rest_route=\/wp\/v2\/pages\/1684\/revisions\/2003"}],"up":[{"embeddable":true,"href":"https:\/\/innolex.fi\/index.php?rest_route=\/wp\/v2\/pages\/1678"}],"wp:featuredmedia":[{"embeddable":true,"href":"https:\/\/innolex.fi\/index.php?rest_route=\/wp\/v2\/media\/1707"}],"wp:attachment":[{"href":"https:\/\/innolex.fi\/index.php?rest_route=%2Fwp%2Fv2%2Fmedia&parent=1684"}],"curies":[{"name":"wp","href":"https:\/\/api.w.org\/{rel}","templated":true}]}}